{"id":39,"date":"2009-05-27T09:54:38","date_gmt":"2009-05-27T07:54:38","guid":{"rendered":"http:\/\/www.imprimimosvida.com\/?page_id=39"},"modified":"2023-04-11T18:13:32","modified_gmt":"2023-04-11T18:13:32","slug":"calidad","status":"publish","type":"page","link":"https:\/\/ingra.net\/online\/calidad\/","title":{"rendered":"Calidad"},"content":{"rendered":"<p>&nbsp;<\/p>\n<p><a href=\"https:\/\/ingra.net\/online\/wp-content\/uploads\/2023\/04\/slider-calidad.jpg\"><img loading=\"lazy\" decoding=\"async\" class=\"alignnone size-full wp-image-3169\" src=\"https:\/\/ingra.net\/online\/wp-content\/uploads\/2023\/04\/slider-calidad.jpg\" alt=\"\u00bfBuscando una imprenta profesional?\" width=\"1920\" height=\"1080\" srcset=\"https:\/\/ingra.net\/online\/wp-content\/uploads\/2023\/04\/slider-calidad.jpg 1920w, https:\/\/ingra.net\/online\/wp-content\/uploads\/2023\/04\/slider-calidad-300x169.jpg 300w, https:\/\/ingra.net\/online\/wp-content\/uploads\/2023\/04\/slider-calidad-1024x576.jpg 1024w, https:\/\/ingra.net\/online\/wp-content\/uploads\/2023\/04\/slider-calidad-768x432.jpg 768w, https:\/\/ingra.net\/online\/wp-content\/uploads\/2023\/04\/slider-calidad-1536x864.jpg 1536w, https:\/\/ingra.net\/online\/wp-content\/uploads\/2023\/04\/slider-calidad-600x338.jpg 600w\" sizes=\"auto, (max-width: 1920px) 100vw, 1920px\" \/><\/a><\/p>\n<p>Con el objetivo de prestar un servicio de alta calidad a nuestros clientes, hemos implantado procesos de gesti\u00f3n de la calidad en toda el ciclo productivo de la imprenta, basado en la norma <strong>ISO 12647-2.<\/strong><\/p>\n<p>Su objetivo principal es el de fijar las especificaciones fundamentales que determinan los aspectos visuales de la impresi\u00f3n offset, as\u00ed como el rango de tolerancias, para la eliminaci\u00f3n de diferencias entre la prueba y el producto final impreso, y en definitiva, la comunicaci\u00f3n\u00a0correcta del color entre los diferentes momentos del proceso productivo. Esto significa hablar el mismo \u201clenguaje de color\u201d con el cliente, lo que permite asegurar el color antes de la impresi\u00f3n y no despu\u00e9s.<\/p>\n<p>No s\u00f3lo en el ciclo de impresi\u00f3n hemos incorporado la mejora continua de procesos, prestando especial atenci\u00f3n a las relaciones con el cliente: presupuestos, asesoramiento y servicio postventa. La implantaci\u00f3n en estos procesos ha llevado a reducir los tiempos de respuesta en todos estos pasos, aumentando la satisfacci\u00f3n del cliente.<\/p>\n<p>Mediante la formaci\u00f3n continua de nuestro personal y la continua revisi\u00f3n e implantaci\u00f3n de las \u00faltimas tecnolog\u00edas de impresi\u00f3n, aseguramos un excelente servicio a nuestros clientes.<\/p>\n<p><a href=\"http:\/\/ingra.net\/online\/wp-content\/uploads\/2009\/05\/lector_gestioncolor.jpg\"><img loading=\"lazy\" decoding=\"async\" class=\"alignnone size-full wp-image-958\" title=\"lector_gestioncolor\" src=\"http:\/\/ingra.net\/online\/wp-content\/uploads\/2009\/05\/lector_gestioncolor.jpg\" alt=\"Gesti\u00f3n de la calidad y control del color en Ingra Impresores\" width=\"600\" height=\"450\" srcset=\"https:\/\/ingra.net\/online\/wp-content\/uploads\/2009\/05\/lector_gestioncolor.jpg 600w, https:\/\/ingra.net\/online\/wp-content\/uploads\/2009\/05\/lector_gestioncolor-300x225.jpg 300w, https:\/\/ingra.net\/online\/wp-content\/uploads\/2009\/05\/lector_gestioncolor-150x113.jpg 150w, https:\/\/ingra.net\/online\/wp-content\/uploads\/2009\/05\/lector_gestioncolor-533x400.jpg 533w\" sizes=\"auto, (max-width: 600px) 100vw, 600px\" \/><\/a><\/p>\n<p>Dentro de nuestro constante esfuerzo y preocupaci\u00f3n de posicionarnos por encima de nuestra competencia, <strong>INGRA IMPRESORES<\/strong> ha obtenido la marca de Calidad Gr\u00e1fica para offset. Es un distintivo desarrollado por el Cluster de la Industria Gr\u00e1fica de la Comunidad Valenciana, que reconoce la excelencia de las empresas gr\u00e1ficas que obtengan certificaciones en el \u00e1mbito de la gesti\u00f3n de procesos, la calidad y\/o el medioambiente.<\/p>\n<p>Toda una garant\u00eda para los trabajos m\u00e1s exigentes, para los proyectos donde fidelidad del color, calidad de los acabados, plazos de entrega y postventa marquen la diferencia.<\/p>\n<p>La tranquilidad de nuestros clientes tiene un nombre<\/p>\n<p>:<img loading=\"lazy\" decoding=\"async\" class=\"alignnone size-medium wp-image-370\" title=\"marcadecalidad\" src=\"http:\/\/ingra.net\/online\/wp-content\/uploads\/2009\/05\/marcadecalidad-300x77.png\" alt=\"marcadecalidad\" width=\"300\" height=\"77\" srcset=\"https:\/\/ingra.net\/online\/wp-content\/uploads\/2009\/05\/marcadecalidad-300x77.png 300w, https:\/\/ingra.net\/online\/wp-content\/uploads\/2009\/05\/marcadecalidad-150x39.png 150w, https:\/\/ingra.net\/online\/wp-content\/uploads\/2009\/05\/marcadecalidad.png 384w\" sizes=\"auto, (max-width: 300px) 100vw, 300px\" \/><\/p>\n<p><img loading=\"lazy\" decoding=\"async\" class=\"alignnone size-full wp-image-110\" title=\"calidad\" src=\"http:\/\/ingra.net\/online\/wp-content\/uploads\/2009\/05\/calidad.jpg\" alt=\"calidad\" width=\"450\" height=\"200\" srcset=\"https:\/\/ingra.net\/online\/wp-content\/uploads\/2009\/05\/calidad.jpg 450w, https:\/\/ingra.net\/online\/wp-content\/uploads\/2009\/05\/calidad-300x133.jpg 300w, https:\/\/ingra.net\/online\/wp-content\/uploads\/2009\/05\/calidad-150x67.jpg 150w\" sizes=\"auto, (max-width: 450px) 100vw, 450px\" \/><\/p>\n","protected":false},"excerpt":{"rendered":"<p>&nbsp; Con el objetivo de prestar un servicio de alta calidad a nuestros clientes, hemos implantado procesos de gesti\u00f3n de<\/p>\n","protected":false},"author":1,"featured_media":0,"parent":0,"menu_order":3,"comment_status":"open","ping_status":"open","template":"","meta":{"_monsterinsights_skip_tracking":false,"_monsterinsights_sitenote_active":false,"_monsterinsights_sitenote_note":"","_monsterinsights_sitenote_category":0,"footnotes":""},"class_list":["post-39","page","type-page","status-publish","hentry"],"yoast_head":"<!-- This site is optimized with the Yoast SEO plugin v27.4 - https:\/\/yoast.com\/product\/yoast-seo-wordpress\/ -->\n<title>Calidad | Ingra Impresores<\/title>\n<meta name=\"description\" content=\"Impresi\u00f3n de alta calidad | Control de color para obtener resultados excepcionales. Equipos de \u00faltima generaci\u00f3n para garantizar la calidad.\" \/>\n<meta name=\"robots\" content=\"index, follow, max-snippet:-1, max-image-preview:large, max-video-preview:-1\" \/>\n<link rel=\"canonical\" href=\"https:\/\/ingra.net\/online\/calidad\/\" \/>\n<meta property=\"og:locale\" content=\"es_ES\" \/>\n<meta property=\"og:type\" content=\"article\" \/>\n<meta property=\"og:title\" content=\"Calidad | Ingra Impresores\" \/>\n<meta property=\"og:description\" content=\"Impresi\u00f3n de alta calidad | Control de color para obtener resultados excepcionales. Equipos de \u00faltima generaci\u00f3n para garantizar la calidad.\" \/>\n<meta property=\"og:url\" content=\"https:\/\/ingra.net\/online\/calidad\/\" \/>\n<meta property=\"og:site_name\" content=\"Ingra Impresores\" \/>\n<meta property=\"article:publisher\" content=\"https:\/\/www.facebook.com\/INGRAIMPRESORES\" \/>\n<meta property=\"article:modified_time\" content=\"2023-04-11T18:13:32+00:00\" \/>\n<meta property=\"og:image\" content=\"https:\/\/ingra.net\/online\/wp-content\/uploads\/2023\/04\/slider-calidad.jpg\" \/>\n<meta name=\"twitter:card\" content=\"summary_large_image\" \/>\n<meta name=\"twitter:site\" content=\"@IngraImpresores\" \/>\n<meta name=\"twitter:label1\" content=\"Tiempo de lectura\" \/>\n\t<meta name=\"twitter:data1\" content=\"2 minutos\" \/>\n<script type=\"application\/ld+json\" class=\"yoast-schema-graph\">{\"@context\":\"https:\\\/\\\/schema.org\",\"@graph\":[{\"@type\":\"WebPage\",\"@id\":\"https:\\\/\\\/ingra.net\\\/online\\\/calidad\\\/\",\"url\":\"https:\\\/\\\/ingra.net\\\/online\\\/calidad\\\/\",\"name\":\"Calidad | Ingra Impresores\",\"isPartOf\":{\"@id\":\"https:\\\/\\\/ingra.net\\\/online\\\/#website\"},\"primaryImageOfPage\":{\"@id\":\"https:\\\/\\\/ingra.net\\\/online\\\/calidad\\\/#primaryimage\"},\"image\":{\"@id\":\"https:\\\/\\\/ingra.net\\\/online\\\/calidad\\\/#primaryimage\"},\"thumbnailUrl\":\"https:\\\/\\\/ingra.net\\\/online\\\/wp-content\\\/uploads\\\/2023\\\/04\\\/slider-calidad.jpg\",\"datePublished\":\"2009-05-27T07:54:38+00:00\",\"dateModified\":\"2023-04-11T18:13:32+00:00\",\"description\":\"Impresi\u00f3n de alta calidad | Control de color para obtener resultados excepcionales. Equipos de \u00faltima generaci\u00f3n para garantizar la calidad.\",\"breadcrumb\":{\"@id\":\"https:\\\/\\\/ingra.net\\\/online\\\/calidad\\\/#breadcrumb\"},\"inLanguage\":\"es\",\"potentialAction\":[{\"@type\":\"ReadAction\",\"target\":[\"https:\\\/\\\/ingra.net\\\/online\\\/calidad\\\/\"]}]},{\"@type\":\"ImageObject\",\"inLanguage\":\"es\",\"@id\":\"https:\\\/\\\/ingra.net\\\/online\\\/calidad\\\/#primaryimage\",\"url\":\"https:\\\/\\\/ingra.net\\\/online\\\/wp-content\\\/uploads\\\/2023\\\/04\\\/slider-calidad.jpg\",\"contentUrl\":\"https:\\\/\\\/ingra.net\\\/online\\\/wp-content\\\/uploads\\\/2023\\\/04\\\/slider-calidad.jpg\"},{\"@type\":\"BreadcrumbList\",\"@id\":\"https:\\\/\\\/ingra.net\\\/online\\\/calidad\\\/#breadcrumb\",\"itemListElement\":[{\"@type\":\"ListItem\",\"position\":1,\"name\":\"Portada\",\"item\":\"https:\\\/\\\/ingra.net\\\/online\\\/\"},{\"@type\":\"ListItem\",\"position\":2,\"name\":\"Calidad\"}]},{\"@type\":\"WebSite\",\"@id\":\"https:\\\/\\\/ingra.net\\\/online\\\/#website\",\"url\":\"https:\\\/\\\/ingra.net\\\/online\\\/\",\"name\":\"Ingra Impresores\",\"description\":\"Imprenta Offset y digital en Alicante\",\"publisher\":{\"@id\":\"https:\\\/\\\/ingra.net\\\/online\\\/#organization\"},\"alternateName\":\"INGRA\",\"potentialAction\":[{\"@type\":\"SearchAction\",\"target\":{\"@type\":\"EntryPoint\",\"urlTemplate\":\"https:\\\/\\\/ingra.net\\\/online\\\/?s={search_term_string}\"},\"query-input\":{\"@type\":\"PropertyValueSpecification\",\"valueRequired\":true,\"valueName\":\"search_term_string\"}}],\"inLanguage\":\"es\"},{\"@type\":\"Organization\",\"@id\":\"https:\\\/\\\/ingra.net\\\/online\\\/#organization\",\"name\":\"Ingra Impresores\",\"alternateName\":\"Ingra impresores\",\"url\":\"https:\\\/\\\/ingra.net\\\/online\\\/\",\"logo\":{\"@type\":\"ImageObject\",\"inLanguage\":\"es\",\"@id\":\"https:\\\/\\\/ingra.net\\\/online\\\/#\\\/schema\\\/logo\\\/image\\\/\",\"url\":\"https:\\\/\\\/ingra.net\\\/online\\\/wp-content\\\/uploads\\\/2012\\\/11\\\/logo.png\",\"contentUrl\":\"https:\\\/\\\/ingra.net\\\/online\\\/wp-content\\\/uploads\\\/2012\\\/11\\\/logo.png\",\"width\":360,\"height\":105,\"caption\":\"Ingra Impresores\"},\"image\":{\"@id\":\"https:\\\/\\\/ingra.net\\\/online\\\/#\\\/schema\\\/logo\\\/image\\\/\"},\"sameAs\":[\"https:\\\/\\\/www.facebook.com\\\/INGRAIMPRESORES\",\"https:\\\/\\\/x.com\\\/IngraImpresores\",\"https:\\\/\\\/www.instagram.com\\\/ingraimpresoresalicante\\\/\"]}]}<\/script>\n<!-- \/ Yoast SEO plugin. -->","yoast_head_json":{"title":"Calidad | Ingra Impresores","description":"Impresi\u00f3n de alta calidad | Control de color para obtener resultados excepcionales. Equipos de \u00faltima generaci\u00f3n para garantizar la calidad.","robots":{"index":"index","follow":"follow","max-snippet":"max-snippet:-1","max-image-preview":"max-image-preview:large","max-video-preview":"max-video-preview:-1"},"canonical":"https:\/\/ingra.net\/online\/calidad\/","og_locale":"es_ES","og_type":"article","og_title":"Calidad | Ingra Impresores","og_description":"Impresi\u00f3n de alta calidad | Control de color para obtener resultados excepcionales. Equipos de \u00faltima generaci\u00f3n para garantizar la calidad.","og_url":"https:\/\/ingra.net\/online\/calidad\/","og_site_name":"Ingra Impresores","article_publisher":"https:\/\/www.facebook.com\/INGRAIMPRESORES","article_modified_time":"2023-04-11T18:13:32+00:00","og_image":[{"url":"https:\/\/ingra.net\/online\/wp-content\/uploads\/2023\/04\/slider-calidad.jpg","type":"","width":"","height":""}],"twitter_card":"summary_large_image","twitter_site":"@IngraImpresores","twitter_misc":{"Tiempo de lectura":"2 minutos"},"schema":{"@context":"https:\/\/schema.org","@graph":[{"@type":"WebPage","@id":"https:\/\/ingra.net\/online\/calidad\/","url":"https:\/\/ingra.net\/online\/calidad\/","name":"Calidad | Ingra Impresores","isPartOf":{"@id":"https:\/\/ingra.net\/online\/#website"},"primaryImageOfPage":{"@id":"https:\/\/ingra.net\/online\/calidad\/#primaryimage"},"image":{"@id":"https:\/\/ingra.net\/online\/calidad\/#primaryimage"},"thumbnailUrl":"https:\/\/ingra.net\/online\/wp-content\/uploads\/2023\/04\/slider-calidad.jpg","datePublished":"2009-05-27T07:54:38+00:00","dateModified":"2023-04-11T18:13:32+00:00","description":"Impresi\u00f3n de alta calidad | Control de color para obtener resultados excepcionales. Equipos de \u00faltima generaci\u00f3n para garantizar la calidad.","breadcrumb":{"@id":"https:\/\/ingra.net\/online\/calidad\/#breadcrumb"},"inLanguage":"es","potentialAction":[{"@type":"ReadAction","target":["https:\/\/ingra.net\/online\/calidad\/"]}]},{"@type":"ImageObject","inLanguage":"es","@id":"https:\/\/ingra.net\/online\/calidad\/#primaryimage","url":"https:\/\/ingra.net\/online\/wp-content\/uploads\/2023\/04\/slider-calidad.jpg","contentUrl":"https:\/\/ingra.net\/online\/wp-content\/uploads\/2023\/04\/slider-calidad.jpg"},{"@type":"BreadcrumbList","@id":"https:\/\/ingra.net\/online\/calidad\/#breadcrumb","itemListElement":[{"@type":"ListItem","position":1,"name":"Portada","item":"https:\/\/ingra.net\/online\/"},{"@type":"ListItem","position":2,"name":"Calidad"}]},{"@type":"WebSite","@id":"https:\/\/ingra.net\/online\/#website","url":"https:\/\/ingra.net\/online\/","name":"Ingra Impresores","description":"Imprenta Offset y digital en Alicante","publisher":{"@id":"https:\/\/ingra.net\/online\/#organization"},"alternateName":"INGRA","potentialAction":[{"@type":"SearchAction","target":{"@type":"EntryPoint","urlTemplate":"https:\/\/ingra.net\/online\/?s={search_term_string}"},"query-input":{"@type":"PropertyValueSpecification","valueRequired":true,"valueName":"search_term_string"}}],"inLanguage":"es"},{"@type":"Organization","@id":"https:\/\/ingra.net\/online\/#organization","name":"Ingra Impresores","alternateName":"Ingra impresores","url":"https:\/\/ingra.net\/online\/","logo":{"@type":"ImageObject","inLanguage":"es","@id":"https:\/\/ingra.net\/online\/#\/schema\/logo\/image\/","url":"https:\/\/ingra.net\/online\/wp-content\/uploads\/2012\/11\/logo.png","contentUrl":"https:\/\/ingra.net\/online\/wp-content\/uploads\/2012\/11\/logo.png","width":360,"height":105,"caption":"Ingra Impresores"},"image":{"@id":"https:\/\/ingra.net\/online\/#\/schema\/logo\/image\/"},"sameAs":["https:\/\/www.facebook.com\/INGRAIMPRESORES","https:\/\/x.com\/IngraImpresores","https:\/\/www.instagram.com\/ingraimpresoresalicante\/"]}]}},"_links":{"self":[{"href":"https:\/\/ingra.net\/online\/wp-json\/wp\/v2\/pages\/39","targetHints":{"allow":["GET"]}}],"collection":[{"href":"https:\/\/ingra.net\/online\/wp-json\/wp\/v2\/pages"}],"about":[{"href":"https:\/\/ingra.net\/online\/wp-json\/wp\/v2\/types\/page"}],"author":[{"embeddable":true,"href":"https:\/\/ingra.net\/online\/wp-json\/wp\/v2\/users\/1"}],"replies":[{"embeddable":true,"href":"https:\/\/ingra.net\/online\/wp-json\/wp\/v2\/comments?post=39"}],"version-history":[{"count":0,"href":"https:\/\/ingra.net\/online\/wp-json\/wp\/v2\/pages\/39\/revisions"}],"wp:attachment":[{"href":"https:\/\/ingra.net\/online\/wp-json\/wp\/v2\/media?parent=39"}],"curies":[{"name":"wp","href":"https:\/\/api.w.org\/{rel}","templated":true}]}}