{"id":35,"date":"2017-01-24T11:26:00","date_gmt":"2017-01-24T11:26:00","guid":{"rendered":"http:\/\/www.imprimimosvida.com\/?page_id=35"},"modified":"2023-04-09T11:27:30","modified_gmt":"2023-04-09T11:27:30","slug":"antes-de-imprimir","status":"publish","type":"page","link":"https:\/\/ingra.net\/online\/antes-de-imprimir\/","title":{"rendered":"Antes de imprimir"},"content":{"rendered":"<h3><strong>1. Prepare los archivos &#8211; PDF<\/strong><\/h3>\n<p><a href=\"http:\/\/ingra.net\/online\/wp-content\/uploads\/2009\/05\/pdf2.png\"><img loading=\"lazy\" decoding=\"async\" class=\"size-full wp-image-57 alignleft\" title=\"pdf2\" src=\"http:\/\/ingra.net\/online\/wp-content\/uploads\/2009\/05\/pdf2.png\" alt=\"pdf2\" width=\"128\" height=\"128\" srcset=\"https:\/\/ingra.net\/online\/wp-content\/uploads\/2009\/05\/pdf2.png 128w, https:\/\/ingra.net\/online\/wp-content\/uploads\/2009\/05\/pdf2-100x100.png 100w, https:\/\/ingra.net\/online\/wp-content\/uploads\/2009\/05\/pdf2-45x45.png 45w\" sizes=\"auto, (max-width: 128px) 100vw, 128px\" \/><\/a>Para preservar la apariencia de su documento y que este se reproduzca de una manera fiel y exacta, recomendamos la utilizaci\u00f3n del formato de archivo PDF ( Portable document Format ). El PDF es un formato cerrado que evita problemas como la falta de tipograf\u00edas, im\u00e1genes, etc\u2026 ya que el mismo archivo, una vez generado contiene todos los elementos para imprimirse con calidad.\u00a0 La mayor\u00eda de programas de dise\u00f1o y autoedici\u00f3n ( Quarkxpress, Indesign, Photoshop, etc) permiten exportar en este formato con\u00a0<strong>especificaciones de imprenta<\/strong>.( PDF x-1a:2001 ), esto es muy importante porque el formato PDF, genera archivos optimizados para su distribuci\u00f3n a trav\u00e9s de internet o redes locales, pero estos nos son adecuados para su procesado en imprentas. Siga los siguientes pasos para crear un pdf optimizado para impresi\u00f3n:<\/p>\n<p>&nbsp;<\/p>\n<p><a href=\"http:\/\/ingra.net\/online\/wp-content\/uploads\/2009\/05\/Tutorial-InDesign-Pdf-para-impresion-1.jpg\"><img loading=\"lazy\" decoding=\"async\" class=\"alignnone size-full wp-image-2151\" src=\"http:\/\/ingra.net\/online\/wp-content\/uploads\/2009\/05\/Tutorial-InDesign-Pdf-para-impresion-1.jpg\" alt=\"Tutorial para genera PDF en Indesign\" width=\"1136\" height=\"1031\" srcset=\"https:\/\/ingra.net\/online\/wp-content\/uploads\/2009\/05\/Tutorial-InDesign-Pdf-para-impresion-1.jpg 1136w, https:\/\/ingra.net\/online\/wp-content\/uploads\/2009\/05\/Tutorial-InDesign-Pdf-para-impresion-1-300x272.jpg 300w, https:\/\/ingra.net\/online\/wp-content\/uploads\/2009\/05\/Tutorial-InDesign-Pdf-para-impresion-1-600x545.jpg 600w, https:\/\/ingra.net\/online\/wp-content\/uploads\/2009\/05\/Tutorial-InDesign-Pdf-para-impresion-1-768x697.jpg 768w, https:\/\/ingra.net\/online\/wp-content\/uploads\/2009\/05\/Tutorial-InDesign-Pdf-para-impresion-1-1024x929.jpg 1024w, https:\/\/ingra.net\/online\/wp-content\/uploads\/2009\/05\/Tutorial-InDesign-Pdf-para-impresion-1-150x136.jpg 150w\" sizes=\"auto, (max-width: 1136px) 100vw, 1136px\" \/><\/a><\/p>\n<p><a href=\"http:\/\/ingra.net\/online\/wp-content\/uploads\/2009\/05\/Tutorial-InDesign-Pdf-para-impresion-2.jpg\"><img loading=\"lazy\" decoding=\"async\" class=\"alignnone size-full wp-image-2152\" src=\"http:\/\/ingra.net\/online\/wp-content\/uploads\/2009\/05\/Tutorial-InDesign-Pdf-para-impresion-2.jpg\" alt=\"Tutorial para crear PDF en Indesign\" width=\"1130\" height=\"1031\" srcset=\"https:\/\/ingra.net\/online\/wp-content\/uploads\/2009\/05\/Tutorial-InDesign-Pdf-para-impresion-2.jpg 1130w, https:\/\/ingra.net\/online\/wp-content\/uploads\/2009\/05\/Tutorial-InDesign-Pdf-para-impresion-2-300x274.jpg 300w, https:\/\/ingra.net\/online\/wp-content\/uploads\/2009\/05\/Tutorial-InDesign-Pdf-para-impresion-2-600x547.jpg 600w, https:\/\/ingra.net\/online\/wp-content\/uploads\/2009\/05\/Tutorial-InDesign-Pdf-para-impresion-2-768x701.jpg 768w, https:\/\/ingra.net\/online\/wp-content\/uploads\/2009\/05\/Tutorial-InDesign-Pdf-para-impresion-2-1024x934.jpg 1024w, https:\/\/ingra.net\/online\/wp-content\/uploads\/2009\/05\/Tutorial-InDesign-Pdf-para-impresion-2-150x137.jpg 150w\" sizes=\"auto, (max-width: 1130px) 100vw, 1130px\" \/><\/a><\/p>\n<p><a href=\"http:\/\/ingra.net\/online\/wp-content\/uploads\/2009\/05\/Tutorial-InDesign-Pdf-para-iimpresion-3.jpg\"><img loading=\"lazy\" decoding=\"async\" class=\"alignnone size-full wp-image-2153\" src=\"http:\/\/ingra.net\/online\/wp-content\/uploads\/2009\/05\/Tutorial-InDesign-Pdf-para-iimpresion-3.jpg\" alt=\"Tutorial para crear un pdf optimizado para imprenta\" width=\"1135\" height=\"1031\" srcset=\"https:\/\/ingra.net\/online\/wp-content\/uploads\/2009\/05\/Tutorial-InDesign-Pdf-para-iimpresion-3.jpg 1135w, https:\/\/ingra.net\/online\/wp-content\/uploads\/2009\/05\/Tutorial-InDesign-Pdf-para-iimpresion-3-300x273.jpg 300w, https:\/\/ingra.net\/online\/wp-content\/uploads\/2009\/05\/Tutorial-InDesign-Pdf-para-iimpresion-3-600x545.jpg 600w, https:\/\/ingra.net\/online\/wp-content\/uploads\/2009\/05\/Tutorial-InDesign-Pdf-para-iimpresion-3-768x698.jpg 768w, https:\/\/ingra.net\/online\/wp-content\/uploads\/2009\/05\/Tutorial-InDesign-Pdf-para-iimpresion-3-1024x930.jpg 1024w, https:\/\/ingra.net\/online\/wp-content\/uploads\/2009\/05\/Tutorial-InDesign-Pdf-para-iimpresion-3-150x136.jpg 150w\" sizes=\"auto, (max-width: 1135px) 100vw, 1135px\" \/><\/a>Si lo prefiere puede enviar sus archivos en los formatos siguientes: Adobe Illustrator, JPEG, PSD ( Photoshop ) y tiff, en estos casos debe incluir imagenes y tipograf\u00edas para evitar errores en su procesado, que impedir\u00eda su correcta impresi\u00f3n. Si no puede enviar en estos formatos o simplemente desconoce el formato en el que se encuentra su pedido consulte con nuestros t\u00e9cnicos.<\/p>\n<div id=\"attachment_60\" style=\"width: 460px\" class=\"wp-caption alignnone\"><img loading=\"lazy\" decoding=\"async\" aria-describedby=\"caption-attachment-60\" class=\"size-full wp-image-60\" title=\"sangreparadocs\" src=\"http:\/\/ingra.net\/online\/wp-content\/uploads\/2009\/05\/sangreparadocs.gif\" alt=\"Todos los documentos deben llevar 3 mm de sangre por cada lado\" width=\"450\" height=\"200\" \/><p id=\"caption-attachment-60\" class=\"wp-caption-text\">Todos los documentos deben llevar 3 mm de sangre por cada lado<\/p><\/div>\n<p>El documento debe estar a\u00a0<strong>tama\u00f1o real e incorporar sangre<\/strong> (+\/- 3 mm por lado). En la confirmaci\u00f3n de presupuesto se le comunica tambi\u00e9n las medidas exactas del documento incluyendo la \u201csangre\u201d Es imprescindible que todos los documentos que se env\u00eden a imprimir lleven siempre \u201csangre\u201d. Hay que dejar sangre con mancha de tinta para evitar \u201cfiletes blancos\u201d que podr\u00edan quedar fruto de la peque\u00f1a desviaci\u00f3n que sufren las guillotinas al cortar.<\/p>\n<p><strong>Im\u00e1genes en alta resoluci\u00f3n y modo de color CMYK<\/strong>:<br \/>\nLas im\u00e1genes siempre tienen que estar a 300 dpi de resoluci\u00f3n (300 puntos por pulgada), en modo CMYK y en formato JPG, TIFF o EPS al tama\u00f1o real de impresi\u00f3n. Aunque visualicemos en pantalla un documento perfecto con sus imagenes insertadas, si estas no est\u00e1n en alta resoluci\u00f3n( 300 ppp al menos ) , no dar\u00e1 el resultado \u00f3ptimo en la impresi\u00f3n, pudiendo aparecer incluso pixeladas, como la imagen que tiene a continuaci\u00f3n. Si tiene sus imagenes en formato JPEG , no comprima en exceso estas, tambien sufren una perdida de calidad apreciable.<\/p>\n<div id=\"attachment_62\" style=\"width: 460px\" class=\"wp-caption alignnone\"><img loading=\"lazy\" decoding=\"async\" aria-describedby=\"caption-attachment-62\" class=\"size-full wp-image-62\" title=\"imagenes300\" src=\"http:\/\/ingra.net\/online\/wp-content\/uploads\/2009\/05\/imagenes300.jpg\" alt=\"Resoluci\u00f3n m\u00ednima de las imagenes: 300 ppp \" width=\"450\" height=\"200\" srcset=\"https:\/\/ingra.net\/online\/wp-content\/uploads\/2009\/05\/imagenes300.jpg 450w, https:\/\/ingra.net\/online\/wp-content\/uploads\/2009\/05\/imagenes300-300x133.jpg 300w, https:\/\/ingra.net\/online\/wp-content\/uploads\/2009\/05\/imagenes300-150x67.jpg 150w\" sizes=\"auto, (max-width: 450px) 100vw, 450px\" \/><p id=\"caption-attachment-62\" class=\"wp-caption-text\">Resoluci\u00f3n m\u00ednima de las imagenes: 300 ppp<\/p><\/div>\n<p>El modo de color del documento ser\u00e1 CMYK, por defecto, si lleva tintas planas ( Pantone ) o se encuentra en otro modo de color distinto ( RGB, hexacrom\u00eda, etc ) consulte con nuestros t\u00e9cnicos para asegurar su correcta reproducci\u00f3n. Para trabajos en los que el color es crucial le recomendamos realizar una prueba de color, para obtener una previsi\u00f3n de los resultados impresos. Nunca deje colores directos (Pantones o Tintas Planas), a no ser que desee la inclusi\u00f3n de una tinta concreta. Cuando tenga un documento en tintas Pantones, busque el color equivalente en CMYK y conviertalo.<\/p>\n<p>Incruste las fuentes o tipograf\u00edas al generar el PDF.<\/p>\n<p>Antes de empaquetar su trabajo, realice una impresi\u00f3n de prueba con su impresora dom\u00e9stica para comprobar que no haya errores de composici\u00f3n.<\/p>\n<h3><strong>2. Empaquetar sus archivos<\/strong><\/h3>\n<div id=\"attachment_64\" style=\"width: 460px\" class=\"wp-caption alignnone\"><img loading=\"lazy\" decoding=\"async\" aria-describedby=\"caption-attachment-64\" class=\"size-full wp-image-64\" title=\"comprimir\" src=\"http:\/\/ingra.net\/online\/wp-content\/uploads\/2009\/05\/comprimir.jpg\" alt=\"Comprima los archivos antes de enviarlos\" width=\"450\" height=\"200\" srcset=\"https:\/\/ingra.net\/online\/wp-content\/uploads\/2009\/05\/comprimir.jpg 450w, https:\/\/ingra.net\/online\/wp-content\/uploads\/2009\/05\/comprimir-300x133.jpg 300w, https:\/\/ingra.net\/online\/wp-content\/uploads\/2009\/05\/comprimir-150x67.jpg 150w\" sizes=\"auto, (max-width: 450px) 100vw, 450px\" \/><p id=\"caption-attachment-64\" class=\"wp-caption-text\">Comprima los archivos antes de enviarlos<\/p><\/div>\n<p>Si env\u00eda un PDF con especificaciones de imprenta,( PDF \/x )\u00a0 este contiene ya todo los archivos necesarios para su correcta impresi\u00f3n. Si env\u00eda otros formatos y ademas con varios archivos distintos ( imagenes, fuentes, etc ) le recomendamos comprimir estos en un solo fichero para simplificar su env\u00edo por medios electr\u00f3nicos. Compruebe que env\u00eda todos sus archivos, el actual software de autoedici\u00f3n y dise\u00f1o permite realizar este proceso automaticamente, avisando de los errores y faltas encontradas( preflight ).<\/p>\n<h3><strong>3. Enviar sus archivos<\/strong><\/h3>\n<p>Puede enviarnos su trabajo v\u00eda internet por cualquiera de las siguientes v\u00edas:<\/p>\n<p>Por\u00a0correo electr\u00f3nico\u00a0(m\u00e1ximo 10 mb) (a la persona que le facilita el presupuesto).<\/p>\n<p>Para envios grandes (hasta 2 gb) aconsejamos enviar a trav\u00e9s servicios web de env\u00edo como <a href=\"https:\/\/wetransfer.com\">wetransfer.com<\/a>:<\/p>\n<div style=\"text-align: center;\"><\/div>\n<h3><strong><a href=\"https:\/\/wetransfer.com\"><img loading=\"lazy\" decoding=\"async\" class=\"alignnone wp-image-2148 size-full\" src=\"http:\/\/ingra.net\/online\/wp-content\/uploads\/2009\/05\/wetransfer-logo-05EFE4F1EB-seeklogo.com_.png\" alt=\"Logo retransfer\" width=\"300\" height=\"139\" srcset=\"https:\/\/ingra.net\/online\/wp-content\/uploads\/2009\/05\/wetransfer-logo-05EFE4F1EB-seeklogo.com_.png 300w, https:\/\/ingra.net\/online\/wp-content\/uploads\/2009\/05\/wetransfer-logo-05EFE4F1EB-seeklogo.com_-150x70.png 150w\" sizes=\"auto, (max-width: 300px) 100vw, 300px\" \/><\/a><\/strong><\/h3>\n<h3><strong>4.Confirmaci\u00f3n:<\/strong><\/h3>\n<p>Nuestro departamento t\u00e9cnico confirmar\u00e1 la correcta recepci\u00f3n de sus ficheros mediante un correo electr\u00f3nico y le mantendr\u00e1 informado durante todo el proceso hasta su expedici\u00f3n y la correcta recepci\u00f3n por su parte.<\/p>\n","protected":false},"excerpt":{"rendered":"<p>1. Prepare los archivos &#8211; PDF Para preservar la apariencia de su documento y que este se reproduzca de una<\/p>\n","protected":false},"author":1,"featured_media":0,"parent":0,"menu_order":2,"comment_status":"open","ping_status":"open","template":"","meta":{"_monsterinsights_skip_tracking":false,"_monsterinsights_sitenote_active":false,"_monsterinsights_sitenote_note":"","_monsterinsights_sitenote_category":0,"footnotes":""},"class_list":["post-35","page","type-page","status-publish","hentry"],"yoast_head":"<!-- This site is optimized with the Yoast SEO plugin v27.3 - https:\/\/yoast.com\/product\/yoast-seo-wordpress\/ -->\n<title>Antes de imprimir | Ingra Impresores<\/title>\n<meta name=\"description\" content=\"Especializada en servicios de impresi\u00f3n de alta calidad | Control riguroso del color y fidelidad para obtener resultados excepcionales\" \/>\n<meta name=\"robots\" content=\"index, follow, max-snippet:-1, max-image-preview:large, max-video-preview:-1\" \/>\n<link rel=\"canonical\" href=\"https:\/\/ingra.net\/online\/antes-de-imprimir\/\" \/>\n<meta property=\"og:locale\" content=\"es_ES\" \/>\n<meta property=\"og:type\" content=\"article\" \/>\n<meta property=\"og:title\" content=\"Antes de imprimir | Ingra Impresores\" \/>\n<meta property=\"og:description\" content=\"Especializada en servicios de impresi\u00f3n de alta calidad | Control riguroso del color y fidelidad para obtener resultados excepcionales\" \/>\n<meta property=\"og:url\" content=\"https:\/\/ingra.net\/online\/antes-de-imprimir\/\" \/>\n<meta property=\"og:site_name\" content=\"Ingra Impresores\" \/>\n<meta property=\"article:publisher\" content=\"https:\/\/www.facebook.com\/INGRAIMPRESORES\" \/>\n<meta property=\"article:modified_time\" content=\"2023-04-09T11:27:30+00:00\" \/>\n<meta property=\"og:image\" content=\"http:\/\/ingra.net\/online\/wp-content\/uploads\/2009\/05\/pdf2.png\" \/>\n<meta name=\"twitter:card\" content=\"summary_large_image\" \/>\n<meta name=\"twitter:site\" content=\"@IngraImpresores\" \/>\n<meta name=\"twitter:label1\" content=\"Tiempo de lectura\" \/>\n\t<meta name=\"twitter:data1\" content=\"4 minutos\" \/>\n<script type=\"application\/ld+json\" class=\"yoast-schema-graph\">{\"@context\":\"https:\\\/\\\/schema.org\",\"@graph\":[{\"@type\":\"WebPage\",\"@id\":\"https:\\\/\\\/ingra.net\\\/online\\\/antes-de-imprimir\\\/\",\"url\":\"https:\\\/\\\/ingra.net\\\/online\\\/antes-de-imprimir\\\/\",\"name\":\"Antes de imprimir | Ingra Impresores\",\"isPartOf\":{\"@id\":\"https:\\\/\\\/ingra.net\\\/online\\\/#website\"},\"primaryImageOfPage\":{\"@id\":\"https:\\\/\\\/ingra.net\\\/online\\\/antes-de-imprimir\\\/#primaryimage\"},\"image\":{\"@id\":\"https:\\\/\\\/ingra.net\\\/online\\\/antes-de-imprimir\\\/#primaryimage\"},\"thumbnailUrl\":\"http:\\\/\\\/ingra.net\\\/online\\\/wp-content\\\/uploads\\\/2009\\\/05\\\/pdf2.png\",\"datePublished\":\"2017-01-24T11:26:00+00:00\",\"dateModified\":\"2023-04-09T11:27:30+00:00\",\"description\":\"Especializada en servicios de impresi\u00f3n de alta calidad | Control riguroso del color y fidelidad para obtener resultados excepcionales\",\"breadcrumb\":{\"@id\":\"https:\\\/\\\/ingra.net\\\/online\\\/antes-de-imprimir\\\/#breadcrumb\"},\"inLanguage\":\"es\",\"potentialAction\":[{\"@type\":\"ReadAction\",\"target\":[\"https:\\\/\\\/ingra.net\\\/online\\\/antes-de-imprimir\\\/\"]}]},{\"@type\":\"ImageObject\",\"inLanguage\":\"es\",\"@id\":\"https:\\\/\\\/ingra.net\\\/online\\\/antes-de-imprimir\\\/#primaryimage\",\"url\":\"https:\\\/\\\/ingra.net\\\/online\\\/wp-content\\\/uploads\\\/2009\\\/05\\\/pdf2.png\",\"contentUrl\":\"https:\\\/\\\/ingra.net\\\/online\\\/wp-content\\\/uploads\\\/2009\\\/05\\\/pdf2.png\",\"width\":128,\"height\":128},{\"@type\":\"BreadcrumbList\",\"@id\":\"https:\\\/\\\/ingra.net\\\/online\\\/antes-de-imprimir\\\/#breadcrumb\",\"itemListElement\":[{\"@type\":\"ListItem\",\"position\":1,\"name\":\"Portada\",\"item\":\"https:\\\/\\\/ingra.net\\\/online\\\/\"},{\"@type\":\"ListItem\",\"position\":2,\"name\":\"Antes de imprimir\"}]},{\"@type\":\"WebSite\",\"@id\":\"https:\\\/\\\/ingra.net\\\/online\\\/#website\",\"url\":\"https:\\\/\\\/ingra.net\\\/online\\\/\",\"name\":\"Ingra Impresores\",\"description\":\"Imprenta Offset y digital en Alicante\",\"publisher\":{\"@id\":\"https:\\\/\\\/ingra.net\\\/online\\\/#organization\"},\"alternateName\":\"INGRA\",\"potentialAction\":[{\"@type\":\"SearchAction\",\"target\":{\"@type\":\"EntryPoint\",\"urlTemplate\":\"https:\\\/\\\/ingra.net\\\/online\\\/?s={search_term_string}\"},\"query-input\":{\"@type\":\"PropertyValueSpecification\",\"valueRequired\":true,\"valueName\":\"search_term_string\"}}],\"inLanguage\":\"es\"},{\"@type\":\"Organization\",\"@id\":\"https:\\\/\\\/ingra.net\\\/online\\\/#organization\",\"name\":\"Ingra Impresores\",\"alternateName\":\"Ingra impresores\",\"url\":\"https:\\\/\\\/ingra.net\\\/online\\\/\",\"logo\":{\"@type\":\"ImageObject\",\"inLanguage\":\"es\",\"@id\":\"https:\\\/\\\/ingra.net\\\/online\\\/#\\\/schema\\\/logo\\\/image\\\/\",\"url\":\"https:\\\/\\\/ingra.net\\\/online\\\/wp-content\\\/uploads\\\/2012\\\/11\\\/logo.png\",\"contentUrl\":\"https:\\\/\\\/ingra.net\\\/online\\\/wp-content\\\/uploads\\\/2012\\\/11\\\/logo.png\",\"width\":360,\"height\":105,\"caption\":\"Ingra Impresores\"},\"image\":{\"@id\":\"https:\\\/\\\/ingra.net\\\/online\\\/#\\\/schema\\\/logo\\\/image\\\/\"},\"sameAs\":[\"https:\\\/\\\/www.facebook.com\\\/INGRAIMPRESORES\",\"https:\\\/\\\/x.com\\\/IngraImpresores\",\"https:\\\/\\\/www.instagram.com\\\/ingraimpresoresalicante\\\/\"]}]}<\/script>\n<!-- \/ Yoast SEO plugin. -->","yoast_head_json":{"title":"Antes de imprimir | Ingra Impresores","description":"Especializada en servicios de impresi\u00f3n de alta calidad | Control riguroso del color y fidelidad para obtener resultados excepcionales","robots":{"index":"index","follow":"follow","max-snippet":"max-snippet:-1","max-image-preview":"max-image-preview:large","max-video-preview":"max-video-preview:-1"},"canonical":"https:\/\/ingra.net\/online\/antes-de-imprimir\/","og_locale":"es_ES","og_type":"article","og_title":"Antes de imprimir | Ingra Impresores","og_description":"Especializada en servicios de impresi\u00f3n de alta calidad | Control riguroso del color y fidelidad para obtener resultados excepcionales","og_url":"https:\/\/ingra.net\/online\/antes-de-imprimir\/","og_site_name":"Ingra Impresores","article_publisher":"https:\/\/www.facebook.com\/INGRAIMPRESORES","article_modified_time":"2023-04-09T11:27:30+00:00","og_image":[{"url":"http:\/\/ingra.net\/online\/wp-content\/uploads\/2009\/05\/pdf2.png","type":"","width":"","height":""}],"twitter_card":"summary_large_image","twitter_site":"@IngraImpresores","twitter_misc":{"Tiempo de lectura":"4 minutos"},"schema":{"@context":"https:\/\/schema.org","@graph":[{"@type":"WebPage","@id":"https:\/\/ingra.net\/online\/antes-de-imprimir\/","url":"https:\/\/ingra.net\/online\/antes-de-imprimir\/","name":"Antes de imprimir | Ingra Impresores","isPartOf":{"@id":"https:\/\/ingra.net\/online\/#website"},"primaryImageOfPage":{"@id":"https:\/\/ingra.net\/online\/antes-de-imprimir\/#primaryimage"},"image":{"@id":"https:\/\/ingra.net\/online\/antes-de-imprimir\/#primaryimage"},"thumbnailUrl":"http:\/\/ingra.net\/online\/wp-content\/uploads\/2009\/05\/pdf2.png","datePublished":"2017-01-24T11:26:00+00:00","dateModified":"2023-04-09T11:27:30+00:00","description":"Especializada en servicios de impresi\u00f3n de alta calidad | Control riguroso del color y fidelidad para obtener resultados excepcionales","breadcrumb":{"@id":"https:\/\/ingra.net\/online\/antes-de-imprimir\/#breadcrumb"},"inLanguage":"es","potentialAction":[{"@type":"ReadAction","target":["https:\/\/ingra.net\/online\/antes-de-imprimir\/"]}]},{"@type":"ImageObject","inLanguage":"es","@id":"https:\/\/ingra.net\/online\/antes-de-imprimir\/#primaryimage","url":"https:\/\/ingra.net\/online\/wp-content\/uploads\/2009\/05\/pdf2.png","contentUrl":"https:\/\/ingra.net\/online\/wp-content\/uploads\/2009\/05\/pdf2.png","width":128,"height":128},{"@type":"BreadcrumbList","@id":"https:\/\/ingra.net\/online\/antes-de-imprimir\/#breadcrumb","itemListElement":[{"@type":"ListItem","position":1,"name":"Portada","item":"https:\/\/ingra.net\/online\/"},{"@type":"ListItem","position":2,"name":"Antes de imprimir"}]},{"@type":"WebSite","@id":"https:\/\/ingra.net\/online\/#website","url":"https:\/\/ingra.net\/online\/","name":"Ingra Impresores","description":"Imprenta Offset y digital en Alicante","publisher":{"@id":"https:\/\/ingra.net\/online\/#organization"},"alternateName":"INGRA","potentialAction":[{"@type":"SearchAction","target":{"@type":"EntryPoint","urlTemplate":"https:\/\/ingra.net\/online\/?s={search_term_string}"},"query-input":{"@type":"PropertyValueSpecification","valueRequired":true,"valueName":"search_term_string"}}],"inLanguage":"es"},{"@type":"Organization","@id":"https:\/\/ingra.net\/online\/#organization","name":"Ingra Impresores","alternateName":"Ingra impresores","url":"https:\/\/ingra.net\/online\/","logo":{"@type":"ImageObject","inLanguage":"es","@id":"https:\/\/ingra.net\/online\/#\/schema\/logo\/image\/","url":"https:\/\/ingra.net\/online\/wp-content\/uploads\/2012\/11\/logo.png","contentUrl":"https:\/\/ingra.net\/online\/wp-content\/uploads\/2012\/11\/logo.png","width":360,"height":105,"caption":"Ingra Impresores"},"image":{"@id":"https:\/\/ingra.net\/online\/#\/schema\/logo\/image\/"},"sameAs":["https:\/\/www.facebook.com\/INGRAIMPRESORES","https:\/\/x.com\/IngraImpresores","https:\/\/www.instagram.com\/ingraimpresoresalicante\/"]}]}},"_links":{"self":[{"href":"https:\/\/ingra.net\/online\/wp-json\/wp\/v2\/pages\/35","targetHints":{"allow":["GET"]}}],"collection":[{"href":"https:\/\/ingra.net\/online\/wp-json\/wp\/v2\/pages"}],"about":[{"href":"https:\/\/ingra.net\/online\/wp-json\/wp\/v2\/types\/page"}],"author":[{"embeddable":true,"href":"https:\/\/ingra.net\/online\/wp-json\/wp\/v2\/users\/1"}],"replies":[{"embeddable":true,"href":"https:\/\/ingra.net\/online\/wp-json\/wp\/v2\/comments?post=35"}],"version-history":[{"count":0,"href":"https:\/\/ingra.net\/online\/wp-json\/wp\/v2\/pages\/35\/revisions"}],"wp:attachment":[{"href":"https:\/\/ingra.net\/online\/wp-json\/wp\/v2\/media?parent=35"}],"curies":[{"name":"wp","href":"https:\/\/api.w.org\/{rel}","templated":true}]}}