{"id":2191,"date":"2018-03-09T18:43:45","date_gmt":"2018-03-09T18:43:45","guid":{"rendered":"http:\/\/ingra.net\/online\/?page_id=2191"},"modified":"2020-05-10T14:59:33","modified_gmt":"2020-05-10T14:59:33","slug":"politica-de-privacidad","status":"publish","type":"page","link":"https:\/\/ingra.net\/online\/politica-de-privacidad\/","title":{"rendered":"Politica de privacidad"},"content":{"rendered":"<p><strong>1. IDENTIFICACI\u00d3N<\/strong><br \/>\nTitular: INDUSTRIAS GR\u00c1FICAS ALICANTE, S.L.<br \/>\nDomicilio social: Avenida del Zodiaco, 31<br \/>\nPol\u00edgono Industrial Llano del Espartal<br \/>\n03006 ALICANTE &#8211; Espa\u00f1a<br \/>\nCIF: B03358900<br \/>\nTel\u00e9fono: 965107464<br \/>\nInscrita en el Registro Mercantil de Alicante, al Tomo 1412, Libro 221, Hoja A-12238, inscripci\u00f3n 2\u00aa<br \/>\nEmail: info@ingra.net<\/p>\n<p><strong>2. FINALIDAD DEL TRATAMIENTO DE DATOS PERSONALES<\/strong><br \/>\nEn INDUSTRIAS GR\u00c1FICAS ALICANTE, S.L. (INGRA IMPRESORES) tratamos la informaci\u00f3n que nos facilita con la finalidad de gestionar la relaci\u00f3n contractual que nos une, gestionar el env\u00edo de la informaci\u00f3n que nos solicita, facilitar a los interesados ofertas de nuestros servicios y\/o productos de su inter\u00e9s y\/o gestionar su candidatura.<\/p>\n<p><strong>3. \u00bfPOR CU\u00c1NTO TIEMPO CONSERVAREMOS SUS DATOS PERSONALES?<\/strong><br \/>\nSus datos, ser\u00e1n conservados el tiempo m\u00ednimo necesario para la correcta prestaci\u00f3n del servicio ofrecido as\u00ed como para atender las responsabilidades que se pudieran derivar del mismo y de cualquier otra exigencia legal.<\/p>\n<p><strong>4. \u00bfCU\u00c1L ES LA LEGITIMACI\u00d3N PARA EL TRATAMIENTO DE SUS DATOS?<\/strong><br \/>\nLa base legal para el tratamiento de sus datos personales puede ser la ejecuci\u00f3n de una relaci\u00f3n contractual potencial y\/o suscrita, el inter\u00e9s leg\u00edtimo, la habilitaci\u00f3n legal y\/o el consentimiento del propio interesado. Los datos que le solicitamos son adecuados, pertinentes y estrictamente necesarios y en ning\u00fan caso est\u00e1 obligado a facilit\u00e1rnoslos, pero su no comunicaci\u00f3n podr\u00e1 afectar a la finalidad del servicio o la imposibilidad de prestarlo.<\/p>\n<p><strong>5. \u00bfA QU\u00c9 DESTINATARIOS SE COMUNICAR\u00c1N SUS DATOS?<\/strong><br \/>\nINDUSTRIAS GR\u00c1FICAS ALICANTE, S.L. (INGRA IMPRESORES) no comunicar\u00e1 sus datos a ning\u00fan tercero, salvo que se informe de ello expresamente.<\/p>\n<p><strong>6. \u00bfCU\u00c1LES SON SUS DERECHOS CUANDO NOS FACILITA SUS DATOS?<\/strong><br \/>\nLos derechos de protecci\u00f3n de datos de los que son titulares los interesados son:<br \/>\nDerecho a solicitar el acceso a los datos personales relativos al interesado<br \/>\nDerecho de rectificaci\u00f3n o supresi\u00f3n<br \/>\nDerecho de oposici\u00f3n<br \/>\nDerecho a solicitar la limitaci\u00f3n de su tratamiento<br \/>\nDerecho a la portabilidad de los datos<br \/>\nLos titulares de los datos personales obtenidos, podr\u00e1n ejercer sus derechos de protecci\u00f3n de datos personales dirigiendo una comunicaci\u00f3n por escrito al domicilio social de INDUSTRIAS GR\u00c1FICAS ALICANTE, S.L. (INGRA IMPRESORES) o al correo electr\u00f3nico habilitado a tal efecto, info@ingra.net, incluyendo en ambos casos fotocopia de su DNI u otro documento de identificaci\u00f3n equivalente.<br \/>\nModelos, formularios y m\u00e1s informaci\u00f3n disponible sobre sus derechos en la p\u00e1gina web de la autoridad de control nacional, Agencia Espa\u00f1ola de Protecci\u00f3n de Datos, en adelante, AEPD, www.agpd.es.<\/p>\n<p><strong>7. \u00bfPUEDO RETIRAR EL CONSENTIMIENTO?<\/strong><br \/>\nUsted tiene la posibilidad y el derecho a retirar el consentimiento para cualquiera finalidad espec\u00edfica otorgada en su momento, sin que ello afecte a la licitud del tratamiento basado en el consentimiento previo a su retirada<\/p>\n<p><strong>8. \u00bfD\u00d3NDE PUEDO RECLAMAR EN CASO DE QUE CONSIDERE QUE NO SE TRATAN MIS DATOS CORRECTAMENTE?<\/strong><br \/>\nSi alg\u00fan interesado considera que sus datos no son tratados correctamente por INDUSTRIAS GR\u00c1FICAS ALICANTE, S.L. (INGRA IMPRESORES) puede dirigir sus reclamaciones al correo info@ingra.net, o a la autoridad de protecci\u00f3n de datos que corresponda, siendo la AEPD la indicada en el territorio nacional, www.agpd.es<\/p>\n<p><strong>9. SEGURIDAD Y ACTUALIZACI\u00d3N DE SUS DATOS PERSONALES<\/strong><br \/>\nCon el objetivo de salvaguardar la seguridad de sus datos personales, le informamos que INDUSTRIAS GR\u00c1FICAS ALICANTE, S.L. (INGRA IMPRESORES) ha adoptado todas las medidas de \u00edndole t\u00e9cnica y organizativa necesarias para garantizar la seguridad de los datos personales suministrados. Todo ello para evitar su alteraci\u00f3n, p\u00e9rdida, y\/o tratamientos o accesos no autorizados, tal como exige la normativa, si bien la seguridad absoluta no existe.<\/p>\n<p>Es importante que, para que podamos mantener sus datos personales actualizados, nos informe siempre que se produzca una modificaci\u00f3n de los mismos.<\/p>\n<p><strong>10. CONFIDENCIALIDAD<\/strong><br \/>\nINDUSTRIAS GR\u00c1FICAS ALICANTE, S.L. (INGRA IMPRESORES) le informa que sus datos ser\u00e1n tratados con el m\u00e1ximo celo y confidencialidad por todo el personal que intervenga en cualquiera de las fases del tratamiento. No cederemos ni comunicaremos a ning\u00fan tercero sus datos, excepto en los casos legalmente previstos, o salvo que el interesado nos hubiera autorizado expresamente.<\/p>\n","protected":false},"excerpt":{"rendered":"<p>1. IDENTIFICACI\u00d3N Titular: INDUSTRIAS GR\u00c1FICAS ALICANTE, S.L. Domicilio social: Avenida del Zodiaco, 31 Pol\u00edgono Industrial Llano del Espartal 03006 ALICANTE<\/p>\n","protected":false},"author":2,"featured_media":0,"parent":0,"menu_order":0,"comment_status":"closed","ping_status":"closed","template":"","meta":{"_monsterinsights_skip_tracking":false,"_monsterinsights_sitenote_active":false,"_monsterinsights_sitenote_note":"","_monsterinsights_sitenote_category":0,"footnotes":""},"class_list":["post-2191","page","type-page","status-publish","hentry"],"yoast_head":"<!-- This site is optimized with the Yoast SEO plugin v27.5 - https:\/\/yoast.com\/product\/yoast-seo-wordpress\/ -->\n<title>Politica de privacidad | Ingra Impresores<\/title>\n<meta name=\"robots\" content=\"index, follow, max-snippet:-1, max-image-preview:large, max-video-preview:-1\" \/>\n<link rel=\"canonical\" href=\"https:\/\/ingra.net\/online\/politica-de-privacidad\/\" \/>\n<meta property=\"og:locale\" content=\"es_ES\" \/>\n<meta property=\"og:type\" content=\"article\" \/>\n<meta property=\"og:title\" content=\"Politica de privacidad | Ingra Impresores\" \/>\n<meta property=\"og:description\" content=\"1. IDENTIFICACI\u00d3N Titular: INDUSTRIAS GR\u00c1FICAS ALICANTE, S.L. Domicilio social: Avenida del Zodiaco, 31 Pol\u00edgono Industrial Llano del Espartal 03006 ALICANTE\" \/>\n<meta property=\"og:url\" content=\"https:\/\/ingra.net\/online\/politica-de-privacidad\/\" \/>\n<meta property=\"og:site_name\" content=\"Ingra Impresores\" \/>\n<meta property=\"article:publisher\" content=\"https:\/\/www.facebook.com\/INGRAIMPRESORES\" \/>\n<meta property=\"article:modified_time\" content=\"2020-05-10T14:59:33+00:00\" \/>\n<meta property=\"og:image\" content=\"https:\/\/ingra.net\/online\/wp-content\/uploads\/2020\/03\/slider_color.jpg\" \/>\n\t<meta property=\"og:image:width\" content=\"1900\" \/>\n\t<meta property=\"og:image:height\" content=\"1080\" \/>\n\t<meta property=\"og:image:type\" content=\"image\/jpeg\" \/>\n<meta name=\"twitter:card\" content=\"summary_large_image\" \/>\n<meta name=\"twitter:site\" content=\"@IngraImpresores\" \/>\n<meta name=\"twitter:label1\" content=\"Tiempo de lectura\" \/>\n\t<meta name=\"twitter:data1\" content=\"4 minutos\" \/>\n<script type=\"application\/ld+json\" class=\"yoast-schema-graph\">{\"@context\":\"https:\\\/\\\/schema.org\",\"@graph\":[{\"@type\":\"WebPage\",\"@id\":\"https:\\\/\\\/ingra.net\\\/online\\\/politica-de-privacidad\\\/\",\"url\":\"https:\\\/\\\/ingra.net\\\/online\\\/politica-de-privacidad\\\/\",\"name\":\"Politica de privacidad | Ingra Impresores\",\"isPartOf\":{\"@id\":\"https:\\\/\\\/ingra.net\\\/online\\\/#website\"},\"datePublished\":\"2018-03-09T18:43:45+00:00\",\"dateModified\":\"2020-05-10T14:59:33+00:00\",\"breadcrumb\":{\"@id\":\"https:\\\/\\\/ingra.net\\\/online\\\/politica-de-privacidad\\\/#breadcrumb\"},\"inLanguage\":\"es\",\"potentialAction\":[{\"@type\":\"ReadAction\",\"target\":[\"https:\\\/\\\/ingra.net\\\/online\\\/politica-de-privacidad\\\/\"]}]},{\"@type\":\"BreadcrumbList\",\"@id\":\"https:\\\/\\\/ingra.net\\\/online\\\/politica-de-privacidad\\\/#breadcrumb\",\"itemListElement\":[{\"@type\":\"ListItem\",\"position\":1,\"name\":\"Portada\",\"item\":\"https:\\\/\\\/ingra.net\\\/online\\\/\"},{\"@type\":\"ListItem\",\"position\":2,\"name\":\"Politica de privacidad\"}]},{\"@type\":\"WebSite\",\"@id\":\"https:\\\/\\\/ingra.net\\\/online\\\/#website\",\"url\":\"https:\\\/\\\/ingra.net\\\/online\\\/\",\"name\":\"Ingra Impresores\",\"description\":\"Imprenta Offset y digital en Alicante\",\"publisher\":{\"@id\":\"https:\\\/\\\/ingra.net\\\/online\\\/#organization\"},\"alternateName\":\"INGRA\",\"potentialAction\":[{\"@type\":\"SearchAction\",\"target\":{\"@type\":\"EntryPoint\",\"urlTemplate\":\"https:\\\/\\\/ingra.net\\\/online\\\/?s={search_term_string}\"},\"query-input\":{\"@type\":\"PropertyValueSpecification\",\"valueRequired\":true,\"valueName\":\"search_term_string\"}}],\"inLanguage\":\"es\"},{\"@type\":\"Organization\",\"@id\":\"https:\\\/\\\/ingra.net\\\/online\\\/#organization\",\"name\":\"Ingra Impresores\",\"alternateName\":\"Ingra impresores\",\"url\":\"https:\\\/\\\/ingra.net\\\/online\\\/\",\"logo\":{\"@type\":\"ImageObject\",\"inLanguage\":\"es\",\"@id\":\"https:\\\/\\\/ingra.net\\\/online\\\/#\\\/schema\\\/logo\\\/image\\\/\",\"url\":\"https:\\\/\\\/ingra.net\\\/online\\\/wp-content\\\/uploads\\\/2012\\\/11\\\/logo.png\",\"contentUrl\":\"https:\\\/\\\/ingra.net\\\/online\\\/wp-content\\\/uploads\\\/2012\\\/11\\\/logo.png\",\"width\":360,\"height\":105,\"caption\":\"Ingra Impresores\"},\"image\":{\"@id\":\"https:\\\/\\\/ingra.net\\\/online\\\/#\\\/schema\\\/logo\\\/image\\\/\"},\"sameAs\":[\"https:\\\/\\\/www.facebook.com\\\/INGRAIMPRESORES\",\"https:\\\/\\\/x.com\\\/IngraImpresores\",\"https:\\\/\\\/www.instagram.com\\\/ingraimpresoresalicante\\\/\"]}]}<\/script>\n<!-- \/ Yoast SEO plugin. -->","yoast_head_json":{"title":"Politica de privacidad | Ingra Impresores","robots":{"index":"index","follow":"follow","max-snippet":"max-snippet:-1","max-image-preview":"max-image-preview:large","max-video-preview":"max-video-preview:-1"},"canonical":"https:\/\/ingra.net\/online\/politica-de-privacidad\/","og_locale":"es_ES","og_type":"article","og_title":"Politica de privacidad | Ingra Impresores","og_description":"1. IDENTIFICACI\u00d3N Titular: INDUSTRIAS GR\u00c1FICAS ALICANTE, S.L. Domicilio social: Avenida del Zodiaco, 31 Pol\u00edgono Industrial Llano del Espartal 03006 ALICANTE","og_url":"https:\/\/ingra.net\/online\/politica-de-privacidad\/","og_site_name":"Ingra Impresores","article_publisher":"https:\/\/www.facebook.com\/INGRAIMPRESORES","article_modified_time":"2020-05-10T14:59:33+00:00","og_image":[{"width":1900,"height":1080,"url":"https:\/\/ingra.net\/online\/wp-content\/uploads\/2020\/03\/slider_color.jpg","type":"image\/jpeg"}],"twitter_card":"summary_large_image","twitter_site":"@IngraImpresores","twitter_misc":{"Tiempo de lectura":"4 minutos"},"schema":{"@context":"https:\/\/schema.org","@graph":[{"@type":"WebPage","@id":"https:\/\/ingra.net\/online\/politica-de-privacidad\/","url":"https:\/\/ingra.net\/online\/politica-de-privacidad\/","name":"Politica de privacidad | Ingra Impresores","isPartOf":{"@id":"https:\/\/ingra.net\/online\/#website"},"datePublished":"2018-03-09T18:43:45+00:00","dateModified":"2020-05-10T14:59:33+00:00","breadcrumb":{"@id":"https:\/\/ingra.net\/online\/politica-de-privacidad\/#breadcrumb"},"inLanguage":"es","potentialAction":[{"@type":"ReadAction","target":["https:\/\/ingra.net\/online\/politica-de-privacidad\/"]}]},{"@type":"BreadcrumbList","@id":"https:\/\/ingra.net\/online\/politica-de-privacidad\/#breadcrumb","itemListElement":[{"@type":"ListItem","position":1,"name":"Portada","item":"https:\/\/ingra.net\/online\/"},{"@type":"ListItem","position":2,"name":"Politica de privacidad"}]},{"@type":"WebSite","@id":"https:\/\/ingra.net\/online\/#website","url":"https:\/\/ingra.net\/online\/","name":"Ingra Impresores","description":"Imprenta Offset y digital en Alicante","publisher":{"@id":"https:\/\/ingra.net\/online\/#organization"},"alternateName":"INGRA","potentialAction":[{"@type":"SearchAction","target":{"@type":"EntryPoint","urlTemplate":"https:\/\/ingra.net\/online\/?s={search_term_string}"},"query-input":{"@type":"PropertyValueSpecification","valueRequired":true,"valueName":"search_term_string"}}],"inLanguage":"es"},{"@type":"Organization","@id":"https:\/\/ingra.net\/online\/#organization","name":"Ingra Impresores","alternateName":"Ingra impresores","url":"https:\/\/ingra.net\/online\/","logo":{"@type":"ImageObject","inLanguage":"es","@id":"https:\/\/ingra.net\/online\/#\/schema\/logo\/image\/","url":"https:\/\/ingra.net\/online\/wp-content\/uploads\/2012\/11\/logo.png","contentUrl":"https:\/\/ingra.net\/online\/wp-content\/uploads\/2012\/11\/logo.png","width":360,"height":105,"caption":"Ingra Impresores"},"image":{"@id":"https:\/\/ingra.net\/online\/#\/schema\/logo\/image\/"},"sameAs":["https:\/\/www.facebook.com\/INGRAIMPRESORES","https:\/\/x.com\/IngraImpresores","https:\/\/www.instagram.com\/ingraimpresoresalicante\/"]}]}},"_links":{"self":[{"href":"https:\/\/ingra.net\/online\/wp-json\/wp\/v2\/pages\/2191","targetHints":{"allow":["GET"]}}],"collection":[{"href":"https:\/\/ingra.net\/online\/wp-json\/wp\/v2\/pages"}],"about":[{"href":"https:\/\/ingra.net\/online\/wp-json\/wp\/v2\/types\/page"}],"author":[{"embeddable":true,"href":"https:\/\/ingra.net\/online\/wp-json\/wp\/v2\/users\/2"}],"replies":[{"embeddable":true,"href":"https:\/\/ingra.net\/online\/wp-json\/wp\/v2\/comments?post=2191"}],"version-history":[{"count":0,"href":"https:\/\/ingra.net\/online\/wp-json\/wp\/v2\/pages\/2191\/revisions"}],"wp:attachment":[{"href":"https:\/\/ingra.net\/online\/wp-json\/wp\/v2\/media?parent=2191"}],"curies":[{"name":"wp","href":"https:\/\/api.w.org\/{rel}","templated":true}]}}