{"id":1839,"date":"2016-07-26T21:49:49","date_gmt":"2016-07-26T21:49:49","guid":{"rendered":"http:\/\/ingra.net\/online\/?page_id=1839"},"modified":"2020-05-10T14:40:56","modified_gmt":"2020-05-10T14:40:56","slug":"aviso-legal","status":"publish","type":"page","link":"https:\/\/ingra.net\/online\/aviso-legal\/","title":{"rendered":"Aviso Legal"},"content":{"rendered":"<p><strong>1. IDENTIFICACI\u00d3N<\/strong><\/p>\n<p>Titular: INDUSTRIAS GR\u00c1FICAS ALICANTE, S.L.<br \/>\nDomicilio social: Avenida del Zodiaco, 31<br \/>\nPol\u00edgono Industrial Llano del Espartal<br \/>\n03006 ALICANTE &#8211; Espa\u00f1a<br \/>\nCIF: B03358900<br \/>\nTel\u00e9fono: 965107464<br \/>\nInscrita en el Registro Mercantil de Alicante, al Tomo 1412, Libro 221, Hoja A-12238, inscripci\u00f3n 2\u00aa<br \/>\nEmail: info@ingra.net<\/p>\n<p><strong>2. OBJETO<\/strong><br \/>\nCon este aviso legal ponemos a vuestra disposici\u00f3n toda la informaci\u00f3n relativa a cu\u00e1les son los derechos, obligaciones y responsabilidades de nuestra empresa y de los usuarios que accedan a nuestro sitio Web y nuestros servicios.<\/p>\n<p>El servicio que prestamos consiste en la puesta a disposici\u00f3n a trav\u00e9s del sitio Web www.ingra.net de los productos y servicios que ofertamos tales como creaci\u00f3n de impresos comerciales tales como tarjetas de visita, folletos, revistas en distintos tama\u00f1os y formatos, mamparas de separaci\u00f3n y distanciamiento, as\u00ed como cualquier otro servicio que se vaya incorporando a trav\u00e9s de la web principal de la compa\u00f1\u00eda como de las propias de cada servicio.<\/p>\n<p>Todo usuario que acceda a nuestro sitio Web, acepta expresamente y de forma inequ\u00edvoca el presente aviso legal as\u00ed como la pol\u00edtica de privacidad de la compa\u00f1\u00eda, as\u00ed como las diferentes modificaciones y\/o textos legales adicionales que pudieran ser desarrollados e incluidos en el futuro.<br \/>\nA los efectos de la interpretaci\u00f3n de las presentes condiciones, entendemos que una persona es usuaria de nuestros servicios con el mero acceso y uso de nuestro sitio Web, sin que sea necesario que \u00e9ste se encuentre registrado como tal.<\/p>\n<p>Nos reservamos el derecho a modificar el presente aviso y cualquier otro texto legal del sitio Web por lo que os recomendamos que las revis\u00e9is peri\u00f3dicamente.<\/p>\n<p><strong>3. PROPIEDAD INTELECTUAL E INDUSTRIAL<\/strong><br \/>\nEn INDUSTRIAS GR\u00c1FICAS ALICANTE, S.L. (INGRA IMPRESORES) estamos profundamente comprometidos con la protecci\u00f3n y defensa de los derechos de propiedad intelectual e industrial de nuestros usuarios, colaboradores y entidades asociadas. Por ello, os informamos que:<\/p>\n<p>El dise\u00f1o, programaci\u00f3n y tecnolog\u00eda utilizadas en el sitio Web est\u00e1n realizadas sobre la plataforma WordPress, habiendo sido desarrollados por INDUSTRIAS GR\u00c1FICAS ALICANTE, S.L. (INGRA IMPRESORES) y en caso, de haber sido desarrollado por terceros se cuenta con los acuerdos de cesi\u00f3n y licencias de uso pertinentes.<\/p>\n<p>En ning\u00fan caso podr\u00e1 entenderse que cedemos a los usuarios ning\u00fan derecho de explotaci\u00f3n sobre nuestras marcas, nombres comerciales logotipos y tecnolog\u00edas utilizadas en nuestros sitios Web.<\/p>\n<p>Todos los contenidos que dependen directamente de nosotros y que ponemos a vuestra disposici\u00f3n son completamente originales y adecuados a la legislaci\u00f3n nacional, vigente, encontr\u00e1ndose debidamente protegidos por los derechos de propiedad intelectual y, en su caso, industrial.<\/p>\n<p>Todos los contenidos que ponemos a vuestra disposici\u00f3n en el sitio Web han sido elaborados por nosotros o en su caso cedidos mediante una licencia de uso para su reproducci\u00f3n, comunicaci\u00f3n p\u00fablica y distribuci\u00f3n a trav\u00e9s de nuestro sitio Web y\/o de las herramientas que se ponen a disposici\u00f3n a trav\u00e9s del mismo, quedando igualmente plenamente protegidos por los derechos de propiedad intelectual.<\/p>\n<p>Todos los logotipos de terceros que aparecen en nuestro sitio Web han sido incluidos con la previa autorizaci\u00f3n de sus titulares.<\/p>\n<p>Por razones de seguridad, no est\u00e1 permitido utilizar \u201cframes\u201d o mecanismos que alteren o var\u00eden el dise\u00f1o, configuraci\u00f3n original o contenidos del sitio Web.<\/p>\n<p>Todo usuario registrado tiene la posibilidad de publicar en el sitio Web opiniones, valoraciones y comentarios respecto a los diferentes contenidos que publicamos en el sitio Web.<\/p>\n<p>En caso de que detect\u00e9is alg\u00fan tipo de contenido contrario a la normativa vigente, o que pueda ser considerado da\u00f1ino para los usuarios, os rogamos que nos los notifiqu\u00e9is lo antes posible para que podamos retirarlo.<\/p>\n<p><strong>4. RESPONSABILIDADES<\/strong><br \/>\nEn INDUSTRIAS GR\u00c1FICAS ALICANTE, S.L. (INGRA IMPRESORES) establecemos como prioridad que el servicio que ponemos a vuestra disposici\u00f3n funcione debidamente y conforme a los principios m\u00e1ximos de calidad y seguridad.<\/p>\n<p>No obstante, y dado que se trata de un servicio absolutamente automatizado, puede verse sometido a situaciones concretas que impidan el correcto funcionamiento de \u00e9ste. En tal caso, nos comprometemos a reparar el servicio en el menor plazo de tiempo posible.<\/p>\n<p>Del mismo modo, no nos hacemos responsables de los posibles da\u00f1os y perjuicios que pudieran llegar a causarse en los siguientes casos:<\/p>\n<p>En caso de que apareciera publicada en nuestra plataforma informaci\u00f3n falsa o err\u00f3nea, que hubiera sido publicada por parte de terceros sin nuestra autorizaci\u00f3n expresa.<\/p>\n<p>En caso de que la plataforma no se encuentre operativa por razones t\u00e9cnicas imputables a terceros, a causas imprevisibles o de fuerza mayor.<\/p>\n<p>En caso de que el usuario utilice el sitio Web o plataforma para introducir datos, virus, y\/o c\u00f3digo malicioso y se causen da\u00f1os a los sistemas de otros usuarios, proveedores, colaboradores o cualquier tercero, ser\u00e1 responsable el usuario que realiz\u00f3 la acci\u00f3n.<\/p>\n<p>En caso de que alguno de los contenidos publicitarios provistos en la Web por las plataformas de afiliaci\u00f3n publicitaria fueran controvertidos o da\u00f1asen la moral de los usuarios, la reclamaci\u00f3n o queja se deber\u00e1 dirigir frente a \u00e9stas.<\/p>\n<p>En caso de que alg\u00fan usuario pierda u olvide alg\u00fan dato de acceso a la plataforma, y alg\u00fan tercero, sin su autorizaci\u00f3n, realice actos contrarios a la ley y a las presentes condiciones de uso, la responsabilidad ser\u00e1 del mismo si no se nos ha advertido con anterioridad, pudiendo reclamarse luego contra dicho tercero.<\/p>\n<p><strong>5. RESOLUCI\u00d3N DE CONTROVERSIA<\/strong><br \/>\nEn caso de que se produzca alg\u00fan tipo de controversia derivada del uso del sitio Web y del servicio prestado a trav\u00e9s de \u00e9ste, ser\u00e1 aplicable en todo caso la legislaci\u00f3n espa\u00f1ola, as\u00ed como ser\u00e1 resuelta por los Juzgados y Tribunales de Alicante (Espa\u00f1a), renunciando a cualquier otro foro que pudiera ser competente.<\/p>\n<p>Para comunicarnos cualquier tipo de reclamaci\u00f3n y o consulta, no dud\u00e9is en contactar con nosotros en el siguiente correo electr\u00f3nico info@ingra.net<\/p>\n","protected":false},"excerpt":{"rendered":"<p>1. IDENTIFICACI\u00d3N Titular: INDUSTRIAS GR\u00c1FICAS ALICANTE, S.L. Domicilio social: Avenida del Zodiaco, 31 Pol\u00edgono Industrial Llano del Espartal 03006 ALICANTE<\/p>\n","protected":false},"author":2,"featured_media":0,"parent":0,"menu_order":0,"comment_status":"closed","ping_status":"closed","template":"","meta":{"_monsterinsights_skip_tracking":false,"_monsterinsights_sitenote_active":false,"_monsterinsights_sitenote_note":"","_monsterinsights_sitenote_category":0,"footnotes":""},"class_list":["post-1839","page","type-page","status-publish","hentry"],"yoast_head":"<!-- This site is optimized with the Yoast SEO plugin v27.4 - https:\/\/yoast.com\/product\/yoast-seo-wordpress\/ -->\n<title>Aviso Legal | Ingra Impresores<\/title>\n<meta name=\"robots\" content=\"index, follow, max-snippet:-1, max-image-preview:large, max-video-preview:-1\" \/>\n<link rel=\"canonical\" href=\"https:\/\/ingra.net\/online\/aviso-legal\/\" \/>\n<meta property=\"og:locale\" content=\"es_ES\" \/>\n<meta property=\"og:type\" content=\"article\" \/>\n<meta property=\"og:title\" content=\"Aviso Legal | Ingra Impresores\" \/>\n<meta property=\"og:description\" content=\"1. IDENTIFICACI\u00d3N Titular: INDUSTRIAS GR\u00c1FICAS ALICANTE, S.L. Domicilio social: Avenida del Zodiaco, 31 Pol\u00edgono Industrial Llano del Espartal 03006 ALICANTE\" \/>\n<meta property=\"og:url\" content=\"https:\/\/ingra.net\/online\/aviso-legal\/\" \/>\n<meta property=\"og:site_name\" content=\"Ingra Impresores\" \/>\n<meta property=\"article:publisher\" content=\"https:\/\/www.facebook.com\/INGRAIMPRESORES\" \/>\n<meta property=\"article:modified_time\" content=\"2020-05-10T14:40:56+00:00\" \/>\n<meta property=\"og:image\" content=\"https:\/\/ingra.net\/online\/wp-content\/uploads\/2020\/03\/slider_color.jpg\" \/>\n\t<meta property=\"og:image:width\" content=\"1900\" \/>\n\t<meta property=\"og:image:height\" content=\"1080\" \/>\n\t<meta property=\"og:image:type\" content=\"image\/jpeg\" \/>\n<meta name=\"twitter:card\" content=\"summary_large_image\" \/>\n<meta name=\"twitter:site\" content=\"@IngraImpresores\" \/>\n<meta name=\"twitter:label1\" content=\"Tiempo de lectura\" \/>\n\t<meta name=\"twitter:data1\" content=\"5 minutos\" \/>\n<script type=\"application\/ld+json\" class=\"yoast-schema-graph\">{\"@context\":\"https:\\\/\\\/schema.org\",\"@graph\":[{\"@type\":\"WebPage\",\"@id\":\"https:\\\/\\\/ingra.net\\\/online\\\/aviso-legal\\\/\",\"url\":\"https:\\\/\\\/ingra.net\\\/online\\\/aviso-legal\\\/\",\"name\":\"Aviso Legal | Ingra Impresores\",\"isPartOf\":{\"@id\":\"https:\\\/\\\/ingra.net\\\/online\\\/#website\"},\"datePublished\":\"2016-07-26T21:49:49+00:00\",\"dateModified\":\"2020-05-10T14:40:56+00:00\",\"breadcrumb\":{\"@id\":\"https:\\\/\\\/ingra.net\\\/online\\\/aviso-legal\\\/#breadcrumb\"},\"inLanguage\":\"es\",\"potentialAction\":[{\"@type\":\"ReadAction\",\"target\":[\"https:\\\/\\\/ingra.net\\\/online\\\/aviso-legal\\\/\"]}]},{\"@type\":\"BreadcrumbList\",\"@id\":\"https:\\\/\\\/ingra.net\\\/online\\\/aviso-legal\\\/#breadcrumb\",\"itemListElement\":[{\"@type\":\"ListItem\",\"position\":1,\"name\":\"Portada\",\"item\":\"https:\\\/\\\/ingra.net\\\/online\\\/\"},{\"@type\":\"ListItem\",\"position\":2,\"name\":\"Aviso Legal\"}]},{\"@type\":\"WebSite\",\"@id\":\"https:\\\/\\\/ingra.net\\\/online\\\/#website\",\"url\":\"https:\\\/\\\/ingra.net\\\/online\\\/\",\"name\":\"Ingra Impresores\",\"description\":\"Imprenta Offset y digital en Alicante\",\"publisher\":{\"@id\":\"https:\\\/\\\/ingra.net\\\/online\\\/#organization\"},\"alternateName\":\"INGRA\",\"potentialAction\":[{\"@type\":\"SearchAction\",\"target\":{\"@type\":\"EntryPoint\",\"urlTemplate\":\"https:\\\/\\\/ingra.net\\\/online\\\/?s={search_term_string}\"},\"query-input\":{\"@type\":\"PropertyValueSpecification\",\"valueRequired\":true,\"valueName\":\"search_term_string\"}}],\"inLanguage\":\"es\"},{\"@type\":\"Organization\",\"@id\":\"https:\\\/\\\/ingra.net\\\/online\\\/#organization\",\"name\":\"Ingra Impresores\",\"alternateName\":\"Ingra impresores\",\"url\":\"https:\\\/\\\/ingra.net\\\/online\\\/\",\"logo\":{\"@type\":\"ImageObject\",\"inLanguage\":\"es\",\"@id\":\"https:\\\/\\\/ingra.net\\\/online\\\/#\\\/schema\\\/logo\\\/image\\\/\",\"url\":\"https:\\\/\\\/ingra.net\\\/online\\\/wp-content\\\/uploads\\\/2012\\\/11\\\/logo.png\",\"contentUrl\":\"https:\\\/\\\/ingra.net\\\/online\\\/wp-content\\\/uploads\\\/2012\\\/11\\\/logo.png\",\"width\":360,\"height\":105,\"caption\":\"Ingra Impresores\"},\"image\":{\"@id\":\"https:\\\/\\\/ingra.net\\\/online\\\/#\\\/schema\\\/logo\\\/image\\\/\"},\"sameAs\":[\"https:\\\/\\\/www.facebook.com\\\/INGRAIMPRESORES\",\"https:\\\/\\\/x.com\\\/IngraImpresores\",\"https:\\\/\\\/www.instagram.com\\\/ingraimpresoresalicante\\\/\"]}]}<\/script>\n<!-- \/ Yoast SEO plugin. -->","yoast_head_json":{"title":"Aviso Legal | Ingra Impresores","robots":{"index":"index","follow":"follow","max-snippet":"max-snippet:-1","max-image-preview":"max-image-preview:large","max-video-preview":"max-video-preview:-1"},"canonical":"https:\/\/ingra.net\/online\/aviso-legal\/","og_locale":"es_ES","og_type":"article","og_title":"Aviso Legal | Ingra Impresores","og_description":"1. IDENTIFICACI\u00d3N Titular: INDUSTRIAS GR\u00c1FICAS ALICANTE, S.L. Domicilio social: Avenida del Zodiaco, 31 Pol\u00edgono Industrial Llano del Espartal 03006 ALICANTE","og_url":"https:\/\/ingra.net\/online\/aviso-legal\/","og_site_name":"Ingra Impresores","article_publisher":"https:\/\/www.facebook.com\/INGRAIMPRESORES","article_modified_time":"2020-05-10T14:40:56+00:00","og_image":[{"width":1900,"height":1080,"url":"https:\/\/ingra.net\/online\/wp-content\/uploads\/2020\/03\/slider_color.jpg","type":"image\/jpeg"}],"twitter_card":"summary_large_image","twitter_site":"@IngraImpresores","twitter_misc":{"Tiempo de lectura":"5 minutos"},"schema":{"@context":"https:\/\/schema.org","@graph":[{"@type":"WebPage","@id":"https:\/\/ingra.net\/online\/aviso-legal\/","url":"https:\/\/ingra.net\/online\/aviso-legal\/","name":"Aviso Legal | Ingra Impresores","isPartOf":{"@id":"https:\/\/ingra.net\/online\/#website"},"datePublished":"2016-07-26T21:49:49+00:00","dateModified":"2020-05-10T14:40:56+00:00","breadcrumb":{"@id":"https:\/\/ingra.net\/online\/aviso-legal\/#breadcrumb"},"inLanguage":"es","potentialAction":[{"@type":"ReadAction","target":["https:\/\/ingra.net\/online\/aviso-legal\/"]}]},{"@type":"BreadcrumbList","@id":"https:\/\/ingra.net\/online\/aviso-legal\/#breadcrumb","itemListElement":[{"@type":"ListItem","position":1,"name":"Portada","item":"https:\/\/ingra.net\/online\/"},{"@type":"ListItem","position":2,"name":"Aviso Legal"}]},{"@type":"WebSite","@id":"https:\/\/ingra.net\/online\/#website","url":"https:\/\/ingra.net\/online\/","name":"Ingra Impresores","description":"Imprenta Offset y digital en Alicante","publisher":{"@id":"https:\/\/ingra.net\/online\/#organization"},"alternateName":"INGRA","potentialAction":[{"@type":"SearchAction","target":{"@type":"EntryPoint","urlTemplate":"https:\/\/ingra.net\/online\/?s={search_term_string}"},"query-input":{"@type":"PropertyValueSpecification","valueRequired":true,"valueName":"search_term_string"}}],"inLanguage":"es"},{"@type":"Organization","@id":"https:\/\/ingra.net\/online\/#organization","name":"Ingra Impresores","alternateName":"Ingra impresores","url":"https:\/\/ingra.net\/online\/","logo":{"@type":"ImageObject","inLanguage":"es","@id":"https:\/\/ingra.net\/online\/#\/schema\/logo\/image\/","url":"https:\/\/ingra.net\/online\/wp-content\/uploads\/2012\/11\/logo.png","contentUrl":"https:\/\/ingra.net\/online\/wp-content\/uploads\/2012\/11\/logo.png","width":360,"height":105,"caption":"Ingra Impresores"},"image":{"@id":"https:\/\/ingra.net\/online\/#\/schema\/logo\/image\/"},"sameAs":["https:\/\/www.facebook.com\/INGRAIMPRESORES","https:\/\/x.com\/IngraImpresores","https:\/\/www.instagram.com\/ingraimpresoresalicante\/"]}]}},"_links":{"self":[{"href":"https:\/\/ingra.net\/online\/wp-json\/wp\/v2\/pages\/1839","targetHints":{"allow":["GET"]}}],"collection":[{"href":"https:\/\/ingra.net\/online\/wp-json\/wp\/v2\/pages"}],"about":[{"href":"https:\/\/ingra.net\/online\/wp-json\/wp\/v2\/types\/page"}],"author":[{"embeddable":true,"href":"https:\/\/ingra.net\/online\/wp-json\/wp\/v2\/users\/2"}],"replies":[{"embeddable":true,"href":"https:\/\/ingra.net\/online\/wp-json\/wp\/v2\/comments?post=1839"}],"version-history":[{"count":0,"href":"https:\/\/ingra.net\/online\/wp-json\/wp\/v2\/pages\/1839\/revisions"}],"wp:attachment":[{"href":"https:\/\/ingra.net\/online\/wp-json\/wp\/v2\/media?parent=1839"}],"curies":[{"name":"wp","href":"https:\/\/api.w.org\/{rel}","templated":true}]}}