{"id":16,"date":"2009-05-13T23:27:41","date_gmt":"2009-05-13T21:27:41","guid":{"rendered":"http:\/\/www.imprimimosvida.com\/?page_id=5"},"modified":"2023-04-09T11:14:03","modified_gmt":"2023-04-09T11:14:03","slug":"el-taller","status":"publish","type":"page","link":"https:\/\/ingra.net\/online\/el-taller\/","title":{"rendered":"El taller"},"content":{"rendered":"<p>&nbsp;<\/p>\n<h1>La tecnolog\u00eda\u00a0m\u00e1s avanzada.<\/h1>\n<p><a href=\"http:\/\/ingra.net\/online\/wp-content\/uploads\/2009\/05\/Fotolia_2853035_XL.jpg\"><img loading=\"lazy\" decoding=\"async\" class=\"alignnone wp-image-2156 size-large\" src=\"http:\/\/ingra.net\/online\/wp-content\/uploads\/2009\/05\/Fotolia_2853035_XL-1024x683.jpg\" alt=\"\" width=\"1024\" height=\"683\" srcset=\"https:\/\/ingra.net\/online\/wp-content\/uploads\/2009\/05\/Fotolia_2853035_XL-1024x683.jpg 1024w, https:\/\/ingra.net\/online\/wp-content\/uploads\/2009\/05\/Fotolia_2853035_XL-300x200.jpg 300w, https:\/\/ingra.net\/online\/wp-content\/uploads\/2009\/05\/Fotolia_2853035_XL-600x400.jpg 600w, https:\/\/ingra.net\/online\/wp-content\/uploads\/2009\/05\/Fotolia_2853035_XL-768x512.jpg 768w, https:\/\/ingra.net\/online\/wp-content\/uploads\/2009\/05\/Fotolia_2853035_XL-150x100.jpg 150w\" sizes=\"auto, (max-width: 1024px) 100vw, 1024px\" \/><\/a><\/p>\n<h3>Disponemos de los medios t\u00e9cnicos necesarios para asegurar la calidad de nuestros productos impresos desde la fase de preimpresi\u00f3n hasta la entrega al cliente. La continua revisi\u00f3n e implantaci\u00f3n de los \u00faltimos adelantos tanto en maquinaria como en formaci\u00f3n de nuestros operarios, permite ofrecer impresos de calidad y precio ajustado en tiradas medias y cortas.<\/h3>\n<h3>Nuestro departamento de preimpresi\u00f3n cuenta con un sistema de pruebas color plotter Epson calibrado para pruebas de gran tama\u00f1o. Nuestro sistema CTP ( Directo a plancha ) Agfa Avalon garantiza una mejora ostensible de la calidad y tiempo de producci\u00f3n siendo capaz de obtener 30 planchas a la hora.<\/h3>\n<p>&nbsp;<\/p>\n<p>&nbsp;<\/p>\n<p><a href=\"http:\/\/ingra.net\/online\/wp-content\/uploads\/2009\/05\/iStock_000002933017XSmall.jpg\"><img loading=\"lazy\" decoding=\"async\" class=\"aligncenter wp-image-2165 size-full\" src=\"http:\/\/ingra.net\/online\/wp-content\/uploads\/2009\/05\/iStock_000002933017XSmall.jpg\" alt=\"\" width=\"425\" height=\"282\" srcset=\"https:\/\/ingra.net\/online\/wp-content\/uploads\/2009\/05\/iStock_000002933017XSmall.jpg 425w, https:\/\/ingra.net\/online\/wp-content\/uploads\/2009\/05\/iStock_000002933017XSmall-300x199.jpg 300w, https:\/\/ingra.net\/online\/wp-content\/uploads\/2009\/05\/iStock_000002933017XSmall-150x100.jpg 150w\" sizes=\"auto, (max-width: 425px) 100vw, 425px\" \/><\/a><\/p>\n<h3>Nuestras m\u00e1quinas de impresi\u00f3n ofrecen una tirada hasta 15000 pliegos a la hora, en impresi\u00f3n a 4 colores por 1 o 2 caras a la vez,\u00a0 incorporando cambio autom\u00e1tico de planchas, control densitom\u00e9trico y calibraci\u00f3n acorde al estandar ISO-12647-2.<\/h3>\n<h3>Disponemos de maquinaria de impresi\u00f3n digital, especialmente optimizadas para tirada corta, perfectamente integradas en el proceso de producci\u00f3n de la imprenta, ofreciendo una calidad cercana a las tiradas offset en impresiones desde tan s\u00f3lo un ejemplar.<\/h3>\n<h3>Se ha implantado un proceso de producci\u00f3n orientado a la optimizaci\u00f3n de esta, que coordina todos los medios t\u00e9cnicos y humanos, con el fin de conseguir la satisfacci\u00f3n de nuestros clientes,\u00a0 con standares m\u00e1s exigentes en cuanto a calidad y servicio en la impresi\u00f3n.<\/h3>\n<h3>Ponemos a su disposici\u00f3n nuestras instalaciones y la maquinar\u00eda de \u00faltima tecnolog\u00eda, para llevar a cabo de una forma segura y eficaz la realizaci\u00f3n de sus trabajos, con expertos profesionales que le facilitar\u00e1n y asesorar\u00e1n en la \u00f3ptima realizaci\u00f3n de los mismos.<\/h3>\n<h3>&#8211; Tecnolog\u00eda de \u00faltima generaci\u00f3n.<br \/>\n&#8211; Control de Calidad.<br \/>\n&#8211; Planchas CTP.<br \/>\n&#8211; Preimpresi\u00f3n.<br \/>\n&#8211; Offset Color.<br \/>\n&#8211; Offset Blanco y Negro.<br \/>\n&#8211; Impresi\u00f3n Digital Peque\u00f1o y Gran Formato.<\/h3>\n<p>&nbsp;<\/p>\n<div id=\"attachment_2161\" style=\"width: 310px\" class=\"wp-caption aligncenter\"><img loading=\"lazy\" decoding=\"async\" aria-describedby=\"caption-attachment-2161\" class=\"wp-image-2161 size-medium\" src=\"http:\/\/ingra.net\/online\/wp-content\/uploads\/2009\/05\/iStock_000009879048Medium-300x200.jpg\" alt=\"\" width=\"300\" height=\"200\" srcset=\"https:\/\/ingra.net\/online\/wp-content\/uploads\/2009\/05\/iStock_000009879048Medium-300x200.jpg 300w, https:\/\/ingra.net\/online\/wp-content\/uploads\/2009\/05\/iStock_000009879048Medium-600x400.jpg 600w, https:\/\/ingra.net\/online\/wp-content\/uploads\/2009\/05\/iStock_000009879048Medium-768x512.jpg 768w, https:\/\/ingra.net\/online\/wp-content\/uploads\/2009\/05\/iStock_000009879048Medium-1024x682.jpg 1024w, https:\/\/ingra.net\/online\/wp-content\/uploads\/2009\/05\/iStock_000009879048Medium-150x100.jpg 150w, https:\/\/ingra.net\/online\/wp-content\/uploads\/2009\/05\/iStock_000009879048Medium.jpg 1698w\" sizes=\"auto, (max-width: 300px) 100vw, 300px\" \/><p id=\"caption-attachment-2161\" class=\"wp-caption-text\">Almac\u00e9n de papel<\/p><\/div>\n<p>&nbsp;<\/p>\n<div id=\"attachment_2163\" style=\"width: 435px\" class=\"wp-caption aligncenter\"><a href=\"http:\/\/ingra.net\/online\/wp-content\/uploads\/2009\/05\/iStock_000003145458XSmall.jpg\"><img loading=\"lazy\" decoding=\"async\" aria-describedby=\"caption-attachment-2163\" class=\"wp-image-2163 size-full\" src=\"http:\/\/ingra.net\/online\/wp-content\/uploads\/2009\/05\/iStock_000003145458XSmall.jpg\" alt=\"\" width=\"425\" height=\"282\" srcset=\"https:\/\/ingra.net\/online\/wp-content\/uploads\/2009\/05\/iStock_000003145458XSmall.jpg 425w, https:\/\/ingra.net\/online\/wp-content\/uploads\/2009\/05\/iStock_000003145458XSmall-300x199.jpg 300w, https:\/\/ingra.net\/online\/wp-content\/uploads\/2009\/05\/iStock_000003145458XSmall-150x100.jpg 150w\" sizes=\"auto, (max-width: 425px) 100vw, 425px\" \/><\/a><p id=\"caption-attachment-2163\" class=\"wp-caption-text\">Recortes de guillotina<\/p><\/div>\n<h3 class=\"mceTemp\">Nuestra producci\u00f3n esta basada en la econom\u00eda circular, reciclando todos los materiales empleados para la producci\u00f3n y utilizando materias primas con certificados FSC <em>(Es una certificaci\u00f3n forestal que promueve la gesti\u00f3n forestal ambientalmente apropiada, socialmente beneficiosa y econ\u00f3micamente viable. La actuaci\u00f3n responsable por parte de la Industria Forestal ha contribuido a aumentar la superficie de bosques en Europa en 6.400 km2\/a\u00f1o.) tambi\u00e9n\u00a0se gestiona la recuperaci\u00f3n de aluminio de las planchas litogr\u00e1ficas y los envases de tinta.<\/em><\/h3>\n<div id=\"attachment_2162\" style=\"width: 435px\" class=\"wp-caption aligncenter\"><a href=\"http:\/\/ingra.net\/online\/wp-content\/uploads\/2009\/05\/iStock_000005233035XSmall.jpg\"><img loading=\"lazy\" decoding=\"async\" aria-describedby=\"caption-attachment-2162\" class=\"wp-image-2162 size-full\" src=\"http:\/\/ingra.net\/online\/wp-content\/uploads\/2009\/05\/iStock_000005233035XSmall.jpg\" alt=\"\" width=\"425\" height=\"282\" srcset=\"https:\/\/ingra.net\/online\/wp-content\/uploads\/2009\/05\/iStock_000005233035XSmall.jpg 425w, https:\/\/ingra.net\/online\/wp-content\/uploads\/2009\/05\/iStock_000005233035XSmall-300x199.jpg 300w, https:\/\/ingra.net\/online\/wp-content\/uploads\/2009\/05\/iStock_000005233035XSmall-150x100.jpg 150w\" sizes=\"auto, (max-width: 425px) 100vw, 425px\" \/><\/a><p id=\"caption-attachment-2162\" class=\"wp-caption-text\">Envase vac\u00edos de tinta<\/p><\/div>\n<div id=\"attachment_2164\" style=\"width: 235px\" class=\"wp-caption aligncenter\"><a href=\"http:\/\/ingra.net\/online\/wp-content\/uploads\/2009\/05\/iStock_000001324905Small.jpg\"><img loading=\"lazy\" decoding=\"async\" aria-describedby=\"caption-attachment-2164\" class=\"wp-image-2164 size-medium\" src=\"http:\/\/ingra.net\/online\/wp-content\/uploads\/2009\/05\/iStock_000001324905Small-225x300.jpg\" alt=\"\" width=\"225\" height=\"300\" srcset=\"https:\/\/ingra.net\/online\/wp-content\/uploads\/2009\/05\/iStock_000001324905Small-225x300.jpg 225w, https:\/\/ingra.net\/online\/wp-content\/uploads\/2009\/05\/iStock_000001324905Small-300x400.jpg 300w, https:\/\/ingra.net\/online\/wp-content\/uploads\/2009\/05\/iStock_000001324905Small-150x200.jpg 150w, https:\/\/ingra.net\/online\/wp-content\/uploads\/2009\/05\/iStock_000001324905Small.jpg 600w\" sizes=\"auto, (max-width: 225px) 100vw, 225px\" \/><\/a><p id=\"caption-attachment-2164\" class=\"wp-caption-text\">Balas de papel para reciclar<\/p><\/div>\n","protected":false},"excerpt":{"rendered":"<p>&nbsp; La tecnolog\u00eda\u00a0m\u00e1s avanzada. Disponemos de los medios t\u00e9cnicos necesarios para asegurar la calidad de nuestros productos impresos desde la<\/p>\n","protected":false},"author":1,"featured_media":0,"parent":0,"menu_order":2,"comment_status":"open","ping_status":"open","template":"","meta":{"_monsterinsights_skip_tracking":false,"_monsterinsights_sitenote_active":false,"_monsterinsights_sitenote_note":"","_monsterinsights_sitenote_category":0,"footnotes":""},"class_list":["post-16","page","type-page","status-publish","hentry"],"yoast_head":"<!-- This site is optimized with the Yoast SEO plugin v27.4 - https:\/\/yoast.com\/product\/yoast-seo-wordpress\/ -->\n<title>El taller | Ingra Impresores<\/title>\n<meta name=\"description\" content=\"Imprenta profesional en Alicante | Especializada en servicios de impresi\u00f3n de alta calidad para empresas y particulares | Dise\u00f1o gr\u00e1fico y contenido creativo | Env\u00edos a toda Espa\u00f1a | Presupuestos sin compromiso\" \/>\n<meta name=\"robots\" content=\"index, follow, max-snippet:-1, max-image-preview:large, max-video-preview:-1\" \/>\n<link rel=\"canonical\" href=\"https:\/\/ingra.net\/online\/el-taller\/\" \/>\n<meta property=\"og:locale\" content=\"es_ES\" \/>\n<meta property=\"og:type\" content=\"article\" \/>\n<meta property=\"og:title\" content=\"El taller | Ingra Impresores\" \/>\n<meta property=\"og:description\" content=\"Imprenta profesional en Alicante | Especializada en servicios de impresi\u00f3n de alta calidad para empresas y particulares | Dise\u00f1o gr\u00e1fico y contenido creativo | Env\u00edos a toda Espa\u00f1a | Presupuestos sin compromiso\" \/>\n<meta property=\"og:url\" content=\"https:\/\/ingra.net\/online\/el-taller\/\" \/>\n<meta property=\"og:site_name\" content=\"Ingra Impresores\" \/>\n<meta property=\"article:publisher\" content=\"https:\/\/www.facebook.com\/INGRAIMPRESORES\" \/>\n<meta property=\"article:modified_time\" content=\"2023-04-09T11:14:03+00:00\" \/>\n<meta property=\"og:image\" content=\"http:\/\/ingra.net\/online\/wp-content\/uploads\/2009\/05\/Fotolia_2853035_XL-1024x683.jpg\" \/>\n<meta name=\"twitter:card\" content=\"summary_large_image\" \/>\n<meta name=\"twitter:site\" content=\"@IngraImpresores\" \/>\n<meta name=\"twitter:label1\" content=\"Tiempo de lectura\" \/>\n\t<meta name=\"twitter:data1\" content=\"2 minutos\" \/>\n<script type=\"application\/ld+json\" class=\"yoast-schema-graph\">{\"@context\":\"https:\\\/\\\/schema.org\",\"@graph\":[{\"@type\":\"WebPage\",\"@id\":\"https:\\\/\\\/ingra.net\\\/online\\\/el-taller\\\/\",\"url\":\"https:\\\/\\\/ingra.net\\\/online\\\/el-taller\\\/\",\"name\":\"El taller | Ingra Impresores\",\"isPartOf\":{\"@id\":\"https:\\\/\\\/ingra.net\\\/online\\\/#website\"},\"primaryImageOfPage\":{\"@id\":\"https:\\\/\\\/ingra.net\\\/online\\\/el-taller\\\/#primaryimage\"},\"image\":{\"@id\":\"https:\\\/\\\/ingra.net\\\/online\\\/el-taller\\\/#primaryimage\"},\"thumbnailUrl\":\"http:\\\/\\\/ingra.net\\\/online\\\/wp-content\\\/uploads\\\/2009\\\/05\\\/Fotolia_2853035_XL-1024x683.jpg\",\"datePublished\":\"2009-05-13T21:27:41+00:00\",\"dateModified\":\"2023-04-09T11:14:03+00:00\",\"description\":\"Imprenta profesional en Alicante | Especializada en servicios de impresi\u00f3n de alta calidad para empresas y particulares | Dise\u00f1o gr\u00e1fico y contenido creativo | Env\u00edos a toda Espa\u00f1a | Presupuestos sin compromiso\",\"breadcrumb\":{\"@id\":\"https:\\\/\\\/ingra.net\\\/online\\\/el-taller\\\/#breadcrumb\"},\"inLanguage\":\"es\",\"potentialAction\":[{\"@type\":\"ReadAction\",\"target\":[\"https:\\\/\\\/ingra.net\\\/online\\\/el-taller\\\/\"]}]},{\"@type\":\"ImageObject\",\"inLanguage\":\"es\",\"@id\":\"https:\\\/\\\/ingra.net\\\/online\\\/el-taller\\\/#primaryimage\",\"url\":\"https:\\\/\\\/ingra.net\\\/online\\\/wp-content\\\/uploads\\\/2009\\\/05\\\/Fotolia_2853035_XL-scaled.jpg\",\"contentUrl\":\"https:\\\/\\\/ingra.net\\\/online\\\/wp-content\\\/uploads\\\/2009\\\/05\\\/Fotolia_2853035_XL-scaled.jpg\",\"width\":2560,\"height\":1707},{\"@type\":\"BreadcrumbList\",\"@id\":\"https:\\\/\\\/ingra.net\\\/online\\\/el-taller\\\/#breadcrumb\",\"itemListElement\":[{\"@type\":\"ListItem\",\"position\":1,\"name\":\"Portada\",\"item\":\"https:\\\/\\\/ingra.net\\\/online\\\/\"},{\"@type\":\"ListItem\",\"position\":2,\"name\":\"El taller\"}]},{\"@type\":\"WebSite\",\"@id\":\"https:\\\/\\\/ingra.net\\\/online\\\/#website\",\"url\":\"https:\\\/\\\/ingra.net\\\/online\\\/\",\"name\":\"Ingra Impresores\",\"description\":\"Imprenta Offset y digital en Alicante\",\"publisher\":{\"@id\":\"https:\\\/\\\/ingra.net\\\/online\\\/#organization\"},\"alternateName\":\"INGRA\",\"potentialAction\":[{\"@type\":\"SearchAction\",\"target\":{\"@type\":\"EntryPoint\",\"urlTemplate\":\"https:\\\/\\\/ingra.net\\\/online\\\/?s={search_term_string}\"},\"query-input\":{\"@type\":\"PropertyValueSpecification\",\"valueRequired\":true,\"valueName\":\"search_term_string\"}}],\"inLanguage\":\"es\"},{\"@type\":\"Organization\",\"@id\":\"https:\\\/\\\/ingra.net\\\/online\\\/#organization\",\"name\":\"Ingra Impresores\",\"alternateName\":\"Ingra impresores\",\"url\":\"https:\\\/\\\/ingra.net\\\/online\\\/\",\"logo\":{\"@type\":\"ImageObject\",\"inLanguage\":\"es\",\"@id\":\"https:\\\/\\\/ingra.net\\\/online\\\/#\\\/schema\\\/logo\\\/image\\\/\",\"url\":\"https:\\\/\\\/ingra.net\\\/online\\\/wp-content\\\/uploads\\\/2012\\\/11\\\/logo.png\",\"contentUrl\":\"https:\\\/\\\/ingra.net\\\/online\\\/wp-content\\\/uploads\\\/2012\\\/11\\\/logo.png\",\"width\":360,\"height\":105,\"caption\":\"Ingra Impresores\"},\"image\":{\"@id\":\"https:\\\/\\\/ingra.net\\\/online\\\/#\\\/schema\\\/logo\\\/image\\\/\"},\"sameAs\":[\"https:\\\/\\\/www.facebook.com\\\/INGRAIMPRESORES\",\"https:\\\/\\\/x.com\\\/IngraImpresores\",\"https:\\\/\\\/www.instagram.com\\\/ingraimpresoresalicante\\\/\"]}]}<\/script>\n<!-- \/ Yoast SEO plugin. -->","yoast_head_json":{"title":"El taller | Ingra Impresores","description":"Imprenta profesional en Alicante | Especializada en servicios de impresi\u00f3n de alta calidad para empresas y particulares | Dise\u00f1o gr\u00e1fico y contenido creativo | Env\u00edos a toda Espa\u00f1a | Presupuestos sin compromiso","robots":{"index":"index","follow":"follow","max-snippet":"max-snippet:-1","max-image-preview":"max-image-preview:large","max-video-preview":"max-video-preview:-1"},"canonical":"https:\/\/ingra.net\/online\/el-taller\/","og_locale":"es_ES","og_type":"article","og_title":"El taller | Ingra Impresores","og_description":"Imprenta profesional en Alicante | Especializada en servicios de impresi\u00f3n de alta calidad para empresas y particulares | Dise\u00f1o gr\u00e1fico y contenido creativo | Env\u00edos a toda Espa\u00f1a | Presupuestos sin compromiso","og_url":"https:\/\/ingra.net\/online\/el-taller\/","og_site_name":"Ingra Impresores","article_publisher":"https:\/\/www.facebook.com\/INGRAIMPRESORES","article_modified_time":"2023-04-09T11:14:03+00:00","og_image":[{"url":"http:\/\/ingra.net\/online\/wp-content\/uploads\/2009\/05\/Fotolia_2853035_XL-1024x683.jpg","type":"","width":"","height":""}],"twitter_card":"summary_large_image","twitter_site":"@IngraImpresores","twitter_misc":{"Tiempo de lectura":"2 minutos"},"schema":{"@context":"https:\/\/schema.org","@graph":[{"@type":"WebPage","@id":"https:\/\/ingra.net\/online\/el-taller\/","url":"https:\/\/ingra.net\/online\/el-taller\/","name":"El taller | Ingra Impresores","isPartOf":{"@id":"https:\/\/ingra.net\/online\/#website"},"primaryImageOfPage":{"@id":"https:\/\/ingra.net\/online\/el-taller\/#primaryimage"},"image":{"@id":"https:\/\/ingra.net\/online\/el-taller\/#primaryimage"},"thumbnailUrl":"http:\/\/ingra.net\/online\/wp-content\/uploads\/2009\/05\/Fotolia_2853035_XL-1024x683.jpg","datePublished":"2009-05-13T21:27:41+00:00","dateModified":"2023-04-09T11:14:03+00:00","description":"Imprenta profesional en Alicante | Especializada en servicios de impresi\u00f3n de alta calidad para empresas y particulares | Dise\u00f1o gr\u00e1fico y contenido creativo | Env\u00edos a toda Espa\u00f1a | Presupuestos sin compromiso","breadcrumb":{"@id":"https:\/\/ingra.net\/online\/el-taller\/#breadcrumb"},"inLanguage":"es","potentialAction":[{"@type":"ReadAction","target":["https:\/\/ingra.net\/online\/el-taller\/"]}]},{"@type":"ImageObject","inLanguage":"es","@id":"https:\/\/ingra.net\/online\/el-taller\/#primaryimage","url":"https:\/\/ingra.net\/online\/wp-content\/uploads\/2009\/05\/Fotolia_2853035_XL-scaled.jpg","contentUrl":"https:\/\/ingra.net\/online\/wp-content\/uploads\/2009\/05\/Fotolia_2853035_XL-scaled.jpg","width":2560,"height":1707},{"@type":"BreadcrumbList","@id":"https:\/\/ingra.net\/online\/el-taller\/#breadcrumb","itemListElement":[{"@type":"ListItem","position":1,"name":"Portada","item":"https:\/\/ingra.net\/online\/"},{"@type":"ListItem","position":2,"name":"El taller"}]},{"@type":"WebSite","@id":"https:\/\/ingra.net\/online\/#website","url":"https:\/\/ingra.net\/online\/","name":"Ingra Impresores","description":"Imprenta Offset y digital en Alicante","publisher":{"@id":"https:\/\/ingra.net\/online\/#organization"},"alternateName":"INGRA","potentialAction":[{"@type":"SearchAction","target":{"@type":"EntryPoint","urlTemplate":"https:\/\/ingra.net\/online\/?s={search_term_string}"},"query-input":{"@type":"PropertyValueSpecification","valueRequired":true,"valueName":"search_term_string"}}],"inLanguage":"es"},{"@type":"Organization","@id":"https:\/\/ingra.net\/online\/#organization","name":"Ingra Impresores","alternateName":"Ingra impresores","url":"https:\/\/ingra.net\/online\/","logo":{"@type":"ImageObject","inLanguage":"es","@id":"https:\/\/ingra.net\/online\/#\/schema\/logo\/image\/","url":"https:\/\/ingra.net\/online\/wp-content\/uploads\/2012\/11\/logo.png","contentUrl":"https:\/\/ingra.net\/online\/wp-content\/uploads\/2012\/11\/logo.png","width":360,"height":105,"caption":"Ingra Impresores"},"image":{"@id":"https:\/\/ingra.net\/online\/#\/schema\/logo\/image\/"},"sameAs":["https:\/\/www.facebook.com\/INGRAIMPRESORES","https:\/\/x.com\/IngraImpresores","https:\/\/www.instagram.com\/ingraimpresoresalicante\/"]}]}},"_links":{"self":[{"href":"https:\/\/ingra.net\/online\/wp-json\/wp\/v2\/pages\/16","targetHints":{"allow":["GET"]}}],"collection":[{"href":"https:\/\/ingra.net\/online\/wp-json\/wp\/v2\/pages"}],"about":[{"href":"https:\/\/ingra.net\/online\/wp-json\/wp\/v2\/types\/page"}],"author":[{"embeddable":true,"href":"https:\/\/ingra.net\/online\/wp-json\/wp\/v2\/users\/1"}],"replies":[{"embeddable":true,"href":"https:\/\/ingra.net\/online\/wp-json\/wp\/v2\/comments?post=16"}],"version-history":[{"count":0,"href":"https:\/\/ingra.net\/online\/wp-json\/wp\/v2\/pages\/16\/revisions"}],"wp:attachment":[{"href":"https:\/\/ingra.net\/online\/wp-json\/wp\/v2\/media?parent=16"}],"curies":[{"name":"wp","href":"https:\/\/api.w.org\/{rel}","templated":true}]}}