{"id":76,"date":"2016-08-02T19:01:53","date_gmt":"2016-08-02T17:01:53","guid":{"rendered":"http:\/\/ingra.net\/umh\/producto\/20-tarjetones\/"},"modified":"2016-08-20T17:36:48","modified_gmt":"2016-08-20T15:36:48","slug":"20-tarjetones","status":"publish","type":"product","link":"http:\/\/ingra.net\/umh\/producto\/20-tarjetones\/","title":{"rendered":"02.0 TARJETONES"},"content":{"rendered":"<p>Tarjetones\u00a0personalizados, tama\u00f1o 210&#215;105 mm impresi\u00f3n de logotipo en color a 4+0 \u00f3 4+4\u00a0tintas sobre cartulina estucada mate\u00a0blanca de 350 grms.<\/p>\n","protected":false},"excerpt":{"rendered":"<p>Tarjetones\u00a0personalizados<\/p>\n","protected":false},"featured_media":79,"comment_status":"open","ping_status":"closed","template":"","meta":{"_monsterinsights_skip_tracking":false,"_monsterinsights_sitenote_active":false,"_monsterinsights_sitenote_note":"","_monsterinsights_sitenote_category":0},"product_brand":[],"product_cat":[7],"product_tag":[],"class_list":{"0":"post-76","1":"product","2":"type-product","3":"status-publish","4":"has-post-thumbnail","6":"product_cat-tarjetas","8":"first","9":"instock","10":"taxable","11":"shipping-taxable","12":"purchasable","13":"product-type-variable"},"_links":{"self":[{"href":"http:\/\/ingra.net\/umh\/wp-json\/wp\/v2\/product\/76","targetHints":{"allow":["GET"]}}],"collection":[{"href":"http:\/\/ingra.net\/umh\/wp-json\/wp\/v2\/product"}],"about":[{"href":"http:\/\/ingra.net\/umh\/wp-json\/wp\/v2\/types\/product"}],"replies":[{"embeddable":true,"href":"http:\/\/ingra.net\/umh\/wp-json\/wp\/v2\/comments?post=76"}],"wp:featuredmedia":[{"embeddable":true,"href":"http:\/\/ingra.net\/umh\/wp-json\/wp\/v2\/media\/79"}],"wp:attachment":[{"href":"http:\/\/ingra.net\/umh\/wp-json\/wp\/v2\/media?parent=76"}],"wp:term":[{"taxonomy":"product_brand","embeddable":true,"href":"http:\/\/ingra.net\/umh\/wp-json\/wp\/v2\/product_brand?post=76"},{"taxonomy":"product_cat","embeddable":true,"href":"http:\/\/ingra.net\/umh\/wp-json\/wp\/v2\/product_cat?post=76"},{"taxonomy":"product_tag","embeddable":true,"href":"http:\/\/ingra.net\/umh\/wp-json\/wp\/v2\/product_tag?post=76"}],"curies":[{"name":"wp","href":"https:\/\/api.w.org\/{rel}","templated":true}]}}