{"id":25,"date":"2016-07-26T22:08:52","date_gmt":"2016-07-26T20:08:52","guid":{"rendered":"http:\/\/ingra.net\/umh\/?post_type=product&#038;p=25"},"modified":"2023-01-31T14:07:15","modified_gmt":"2023-01-31T12:07:15","slug":"10-tarjetas-de-visita","status":"publish","type":"product","link":"http:\/\/ingra.net\/umh\/producto\/10-tarjetas-de-visita\/","title":{"rendered":"01.0 TARJETAS DE VISITA"},"content":{"rendered":"<p>Tarjetas de visita personalizadas, tama\u00f1o 90&#215;55 mm impresi\u00f3n de logotipo en color a 4+0 \u00f3 4+4 tintas sobre cartulina verjurada blanca de 300 grms.<\/p>\n","protected":false},"excerpt":{"rendered":"<p>Tarjetas de visita personalizadas, tama\u00f1o 90&#215;55 mm impresi\u00f3n de logotipo en color a 4+0 \u00f3 4+4 tintas sobre cartulina verjurada<\/p>\n","protected":false},"featured_media":285,"comment_status":"open","ping_status":"closed","template":"","meta":{"_monsterinsights_skip_tracking":false,"_monsterinsights_sitenote_active":false,"_monsterinsights_sitenote_note":"","_monsterinsights_sitenote_category":0},"product_brand":[],"product_cat":[7],"product_tag":[15],"class_list":{"0":"post-25","1":"product","2":"type-product","3":"status-publish","4":"has-post-thumbnail","6":"product_cat-tarjetas","7":"product_tag-tarjetas-de-visita","8":"product_shipping_class-envio-gratuito","10":"first","11":"instock","12":"taxable","13":"shipping-taxable","14":"purchasable","15":"product-type-variable"},"_links":{"self":[{"href":"http:\/\/ingra.net\/umh\/wp-json\/wp\/v2\/product\/25","targetHints":{"allow":["GET"]}}],"collection":[{"href":"http:\/\/ingra.net\/umh\/wp-json\/wp\/v2\/product"}],"about":[{"href":"http:\/\/ingra.net\/umh\/wp-json\/wp\/v2\/types\/product"}],"replies":[{"embeddable":true,"href":"http:\/\/ingra.net\/umh\/wp-json\/wp\/v2\/comments?post=25"}],"wp:featuredmedia":[{"embeddable":true,"href":"http:\/\/ingra.net\/umh\/wp-json\/wp\/v2\/media\/285"}],"wp:attachment":[{"href":"http:\/\/ingra.net\/umh\/wp-json\/wp\/v2\/media?parent=25"}],"wp:term":[{"taxonomy":"product_brand","embeddable":true,"href":"http:\/\/ingra.net\/umh\/wp-json\/wp\/v2\/product_brand?post=25"},{"taxonomy":"product_cat","embeddable":true,"href":"http:\/\/ingra.net\/umh\/wp-json\/wp\/v2\/product_cat?post=25"},{"taxonomy":"product_tag","embeddable":true,"href":"http:\/\/ingra.net\/umh\/wp-json\/wp\/v2\/product_tag?post=25"}],"curies":[{"name":"wp","href":"https:\/\/api.w.org\/{rel}","templated":true}]}}