{"id":161,"date":"2016-08-12T19:59:19","date_gmt":"2016-08-12T17:59:19","guid":{"rendered":"http:\/\/ingra.net\/umh\/?post_type=product&#038;p=161"},"modified":"2016-08-20T09:08:52","modified_gmt":"2016-08-20T07:08:52","slug":"15-0-felicitacion-navidad","status":"publish","type":"product","link":"http:\/\/ingra.net\/umh\/producto\/15-0-felicitacion-navidad\/","title":{"rendered":"15.0 Felicitaci\u00f3n Navidad"},"content":{"rendered":"<p>Felicitaci\u00f3n de Navidad personalizable, tama\u00f1o 210&#215;148 mm. impresi\u00f3n a 4+0 tintas sobre papel estucado mate de 250 grms.<\/p>\n","protected":false},"excerpt":{"rendered":"<p>Felicitaci\u00f3n de Navidad personalizable, tama\u00f1o 210&#215;148 mm. impresi\u00f3n a 4+0 tintas sobre papel estucado mate de 250 grms.<\/p>\n","protected":false},"featured_media":0,"comment_status":"open","ping_status":"closed","template":"","meta":{"_monsterinsights_skip_tracking":false,"_monsterinsights_sitenote_active":false,"_monsterinsights_sitenote_note":"","_monsterinsights_sitenote_category":0},"product_brand":[],"product_cat":[11],"product_tag":[],"class_list":{"0":"post-161","1":"product","2":"type-product","3":"status-publish","5":"product_cat-calendarios","7":"first","8":"instock","9":"taxable","10":"shipping-taxable","11":"purchasable","12":"product-type-variable"},"_links":{"self":[{"href":"http:\/\/ingra.net\/umh\/wp-json\/wp\/v2\/product\/161","targetHints":{"allow":["GET"]}}],"collection":[{"href":"http:\/\/ingra.net\/umh\/wp-json\/wp\/v2\/product"}],"about":[{"href":"http:\/\/ingra.net\/umh\/wp-json\/wp\/v2\/types\/product"}],"replies":[{"embeddable":true,"href":"http:\/\/ingra.net\/umh\/wp-json\/wp\/v2\/comments?post=161"}],"wp:attachment":[{"href":"http:\/\/ingra.net\/umh\/wp-json\/wp\/v2\/media?parent=161"}],"wp:term":[{"taxonomy":"product_brand","embeddable":true,"href":"http:\/\/ingra.net\/umh\/wp-json\/wp\/v2\/product_brand?post=161"},{"taxonomy":"product_cat","embeddable":true,"href":"http:\/\/ingra.net\/umh\/wp-json\/wp\/v2\/product_cat?post=161"},{"taxonomy":"product_tag","embeddable":true,"href":"http:\/\/ingra.net\/umh\/wp-json\/wp\/v2\/product_tag?post=161"}],"curies":[{"name":"wp","href":"https:\/\/api.w.org\/{rel}","templated":true}]}}