{"id":159,"date":"2016-08-12T19:28:53","date_gmt":"2016-08-12T17:28:53","guid":{"rendered":"http:\/\/ingra.net\/umh\/?post_type=product&#038;p=159"},"modified":"2016-08-20T09:09:53","modified_gmt":"2016-08-20T07:09:53","slug":"13-0-separadores-marcapaginas","status":"publish","type":"product","link":"http:\/\/ingra.net\/umh\/producto\/13-0-separadores-marcapaginas\/","title":{"rendered":"13.0 Separadores \/ Marcap\u00e1ginas"},"content":{"rendered":"<p>Marcap\u00e1ginas calendario personalizable, con impresi\u00f3n a 4+4 tintas sobre papel estucado mate de 350 grms. tama\u00f1o 7&#215;21 cms.<\/p>\n","protected":false},"excerpt":{"rendered":"<p>Marcap\u00e1ginas calendario personalizable, con impresi\u00f3n a 4+4 tintas sobre papel estucado mate de 350 grms. tama\u00f1o 7&#215;21 cms.<\/p>\n","protected":false},"featured_media":96,"comment_status":"open","ping_status":"closed","template":"","meta":{"_monsterinsights_skip_tracking":false,"_monsterinsights_sitenote_active":false,"_monsterinsights_sitenote_note":"","_monsterinsights_sitenote_category":0},"product_brand":[],"product_cat":[11],"product_tag":[],"class_list":{"0":"post-159","1":"product","2":"type-product","3":"status-publish","4":"has-post-thumbnail","6":"product_cat-calendarios","8":"first","9":"instock","10":"taxable","11":"shipping-taxable","12":"purchasable","13":"product-type-variable"},"_links":{"self":[{"href":"http:\/\/ingra.net\/umh\/wp-json\/wp\/v2\/product\/159","targetHints":{"allow":["GET"]}}],"collection":[{"href":"http:\/\/ingra.net\/umh\/wp-json\/wp\/v2\/product"}],"about":[{"href":"http:\/\/ingra.net\/umh\/wp-json\/wp\/v2\/types\/product"}],"replies":[{"embeddable":true,"href":"http:\/\/ingra.net\/umh\/wp-json\/wp\/v2\/comments?post=159"}],"wp:featuredmedia":[{"embeddable":true,"href":"http:\/\/ingra.net\/umh\/wp-json\/wp\/v2\/media\/96"}],"wp:attachment":[{"href":"http:\/\/ingra.net\/umh\/wp-json\/wp\/v2\/media?parent=159"}],"wp:term":[{"taxonomy":"product_brand","embeddable":true,"href":"http:\/\/ingra.net\/umh\/wp-json\/wp\/v2\/product_brand?post=159"},{"taxonomy":"product_cat","embeddable":true,"href":"http:\/\/ingra.net\/umh\/wp-json\/wp\/v2\/product_cat?post=159"},{"taxonomy":"product_tag","embeddable":true,"href":"http:\/\/ingra.net\/umh\/wp-json\/wp\/v2\/product_tag?post=159"}],"curies":[{"name":"wp","href":"https:\/\/api.w.org\/{rel}","templated":true}]}}