{"id":157,"date":"2016-08-12T19:25:35","date_gmt":"2016-08-12T17:25:35","guid":{"rendered":"http:\/\/ingra.net\/umh\/?post_type=product&#038;p=157"},"modified":"2022-05-11T13:06:11","modified_gmt":"2022-05-11T11:06:11","slug":"11-0-folleto-triptico","status":"publish","type":"product","link":"http:\/\/ingra.net\/umh\/producto\/11-0-folleto-triptico\/","title":{"rendered":"11.0 Folleto Tr\u00edptico"},"content":{"rendered":"<p>Folleto tr\u00edptico impreso a 4+4 tintas sobre papel estucado brillo o mate de 150 grms. tama\u00f1o abierto 210&#215;297 mm y cerrado 100&#215;210 mm, dise\u00f1o aportado por el cliente<\/p>\n","protected":false},"excerpt":{"rendered":"<p>Folleto tr\u00edptico impreso a 4+4 tintas sobre papel estucado brillo o mate de 150 grms. tama\u00f1o abierto 210&#215;297 mm y<\/p>\n","protected":false},"featured_media":290,"comment_status":"open","ping_status":"closed","template":"","meta":{"_monsterinsights_skip_tracking":false,"_monsterinsights_sitenote_active":false,"_monsterinsights_sitenote_note":"","_monsterinsights_sitenote_category":0},"product_brand":[],"product_cat":[10],"product_tag":[],"class_list":{"0":"post-157","1":"product","2":"type-product","3":"status-publish","4":"has-post-thumbnail","6":"product_cat-folletos_plegados","8":"first","9":"instock","10":"taxable","11":"shipping-taxable","12":"purchasable","13":"product-type-variable"},"_links":{"self":[{"href":"http:\/\/ingra.net\/umh\/wp-json\/wp\/v2\/product\/157","targetHints":{"allow":["GET"]}}],"collection":[{"href":"http:\/\/ingra.net\/umh\/wp-json\/wp\/v2\/product"}],"about":[{"href":"http:\/\/ingra.net\/umh\/wp-json\/wp\/v2\/types\/product"}],"replies":[{"embeddable":true,"href":"http:\/\/ingra.net\/umh\/wp-json\/wp\/v2\/comments?post=157"}],"wp:featuredmedia":[{"embeddable":true,"href":"http:\/\/ingra.net\/umh\/wp-json\/wp\/v2\/media\/290"}],"wp:attachment":[{"href":"http:\/\/ingra.net\/umh\/wp-json\/wp\/v2\/media?parent=157"}],"wp:term":[{"taxonomy":"product_brand","embeddable":true,"href":"http:\/\/ingra.net\/umh\/wp-json\/wp\/v2\/product_brand?post=157"},{"taxonomy":"product_cat","embeddable":true,"href":"http:\/\/ingra.net\/umh\/wp-json\/wp\/v2\/product_cat?post=157"},{"taxonomy":"product_tag","embeddable":true,"href":"http:\/\/ingra.net\/umh\/wp-json\/wp\/v2\/product_tag?post=157"}],"curies":[{"name":"wp","href":"https:\/\/api.w.org\/{rel}","templated":true}]}}