{"id":154,"date":"2016-08-12T19:24:23","date_gmt":"2016-08-12T17:24:23","guid":{"rendered":"http:\/\/ingra.net\/umh\/?post_type=product&#038;p=154"},"modified":"2016-12-13T10:11:47","modified_gmt":"2016-12-13T08:11:47","slug":"8-0-bolsas-a-4-folio","status":"publish","type":"product","link":"http:\/\/ingra.net\/umh\/producto\/8-0-bolsas-a-4-folio\/","title":{"rendered":"08.0 Bolsas A-4 Folio"},"content":{"rendered":"<p>Bolsa\u00a0A-4\/folio\u00a0personalizados, tama\u00f1o 229&#215;324 mm y tama\u00f1o 353&#215;250 mm impresi\u00f3n de logotipo en color o blanco y negro a 4+0 \u00f3 1+0 tintas sobre papel offset de 90\u00a0grms. con franqueo e inspecci\u00f3n postal, con ventana derecha en opciones.<\/p>\n","protected":false},"excerpt":{"rendered":"<p>Bolsa\u00a0A-4\/folio\u00a0personalizados, tama\u00f1o 229&#215;324 mm y tama\u00f1o 353&#215;250 mm impresi\u00f3n de logotipo en color o blanco y negro a 4+0 \u00f3<\/p>\n","protected":false},"featured_media":103,"comment_status":"open","ping_status":"closed","template":"","meta":{"_monsterinsights_skip_tracking":false,"_monsterinsights_sitenote_active":false,"_monsterinsights_sitenote_note":"","_monsterinsights_sitenote_category":0},"product_brand":[],"product_cat":[8],"product_tag":[],"class_list":{"0":"post-154","1":"product","2":"type-product","3":"status-publish","4":"has-post-thumbnail","6":"product_cat-sobres","8":"first","9":"instock","10":"taxable","11":"shipping-taxable","12":"purchasable","13":"product-type-variable"},"_links":{"self":[{"href":"http:\/\/ingra.net\/umh\/wp-json\/wp\/v2\/product\/154","targetHints":{"allow":["GET"]}}],"collection":[{"href":"http:\/\/ingra.net\/umh\/wp-json\/wp\/v2\/product"}],"about":[{"href":"http:\/\/ingra.net\/umh\/wp-json\/wp\/v2\/types\/product"}],"replies":[{"embeddable":true,"href":"http:\/\/ingra.net\/umh\/wp-json\/wp\/v2\/comments?post=154"}],"wp:featuredmedia":[{"embeddable":true,"href":"http:\/\/ingra.net\/umh\/wp-json\/wp\/v2\/media\/103"}],"wp:attachment":[{"href":"http:\/\/ingra.net\/umh\/wp-json\/wp\/v2\/media?parent=154"}],"wp:term":[{"taxonomy":"product_brand","embeddable":true,"href":"http:\/\/ingra.net\/umh\/wp-json\/wp\/v2\/product_brand?post=154"},{"taxonomy":"product_cat","embeddable":true,"href":"http:\/\/ingra.net\/umh\/wp-json\/wp\/v2\/product_cat?post=154"},{"taxonomy":"product_tag","embeddable":true,"href":"http:\/\/ingra.net\/umh\/wp-json\/wp\/v2\/product_tag?post=154"}],"curies":[{"name":"wp","href":"https:\/\/api.w.org\/{rel}","templated":true}]}}