{"id":152,"date":"2016-08-12T19:23:03","date_gmt":"2016-08-12T17:23:03","guid":{"rendered":"http:\/\/ingra.net\/umh\/?post_type=product&#038;p=152"},"modified":"2017-02-01T11:57:06","modified_gmt":"2017-02-01T09:57:06","slug":"6-0-sobres-a-4-folio","status":"publish","type":"product","link":"http:\/\/ingra.net\/umh\/producto\/6-0-sobres-a-4-folio\/","title":{"rendered":"06.0 Sobres A-4 Folio"},"content":{"rendered":"<p>Sobres A-4\/folio\u00a0personalizados, tama\u00f1o 230&#215;325 mm y 360&#215;260 mm impresi\u00f3n de logotipo en color o blanco y negro a 4+0 \u00f3 1+0 tintas sobre papel offset de 90\u00a0grms. con franqueo e inspecci\u00f3n postal\u00a0.<\/p>\n","protected":false},"excerpt":{"rendered":"<p>Sobres A-4\/folio\u00a0personalizados, tama\u00f1o 230&#215;325 mm y 360&#215;260 mm impresi\u00f3n de logotipo en color o blanco y negro a 4+0 \u00f3<\/p>\n","protected":false},"featured_media":103,"comment_status":"open","ping_status":"closed","template":"","meta":{"_monsterinsights_skip_tracking":false,"_monsterinsights_sitenote_active":false,"_monsterinsights_sitenote_note":"","_monsterinsights_sitenote_category":0},"product_brand":[],"product_cat":[8],"product_tag":[],"class_list":{"0":"post-152","1":"product","2":"type-product","3":"status-publish","4":"has-post-thumbnail","6":"product_cat-sobres","8":"first","9":"instock","10":"taxable","11":"shipping-taxable","12":"purchasable","13":"product-type-variable"},"_links":{"self":[{"href":"http:\/\/ingra.net\/umh\/wp-json\/wp\/v2\/product\/152","targetHints":{"allow":["GET"]}}],"collection":[{"href":"http:\/\/ingra.net\/umh\/wp-json\/wp\/v2\/product"}],"about":[{"href":"http:\/\/ingra.net\/umh\/wp-json\/wp\/v2\/types\/product"}],"replies":[{"embeddable":true,"href":"http:\/\/ingra.net\/umh\/wp-json\/wp\/v2\/comments?post=152"}],"wp:featuredmedia":[{"embeddable":true,"href":"http:\/\/ingra.net\/umh\/wp-json\/wp\/v2\/media\/103"}],"wp:attachment":[{"href":"http:\/\/ingra.net\/umh\/wp-json\/wp\/v2\/media?parent=152"}],"wp:term":[{"taxonomy":"product_brand","embeddable":true,"href":"http:\/\/ingra.net\/umh\/wp-json\/wp\/v2\/product_brand?post=152"},{"taxonomy":"product_cat","embeddable":true,"href":"http:\/\/ingra.net\/umh\/wp-json\/wp\/v2\/product_cat?post=152"},{"taxonomy":"product_tag","embeddable":true,"href":"http:\/\/ingra.net\/umh\/wp-json\/wp\/v2\/product_tag?post=152"}],"curies":[{"name":"wp","href":"https:\/\/api.w.org\/{rel}","templated":true}]}}