{"id":151,"date":"2016-08-12T19:22:40","date_gmt":"2016-08-12T17:22:40","guid":{"rendered":"http:\/\/ingra.net\/umh\/?post_type=product&#038;p=151"},"modified":"2016-08-17T13:31:06","modified_gmt":"2016-08-17T11:31:06","slug":"5-0-sobres-cuartilla","status":"publish","type":"product","link":"http:\/\/ingra.net\/umh\/producto\/5-0-sobres-cuartilla\/","title":{"rendered":"05.0 Sobres Cuartilla"},"content":{"rendered":"<p>Sobres cuartilla\u00a0personalizados, tama\u00f1o 176&#215;231 mm impresi\u00f3n de logotipo en color o blanco y negro a 4+0 \u00f3 1+0 tintas sobre papel offset de 90\u00a0grms. con franqueo e inspecci\u00f3n postal.<\/p>\n","protected":false},"excerpt":{"rendered":"<p>Sobres cuartilla\u00a0personalizados, tama\u00f1o 176&#215;231 mm impresi\u00f3n de logotipo en color o blanco y negro a 4+0 \u00f3 1+0 tintas sobre<\/p>\n","protected":false},"featured_media":101,"comment_status":"open","ping_status":"closed","template":"","meta":{"_monsterinsights_skip_tracking":false,"_monsterinsights_sitenote_active":false,"_monsterinsights_sitenote_note":"","_monsterinsights_sitenote_category":0},"product_brand":[],"product_cat":[8],"product_tag":[],"class_list":{"0":"post-151","1":"product","2":"type-product","3":"status-publish","4":"has-post-thumbnail","6":"product_cat-sobres","8":"first","9":"instock","10":"taxable","11":"shipping-taxable","12":"purchasable","13":"product-type-variable"},"_links":{"self":[{"href":"http:\/\/ingra.net\/umh\/wp-json\/wp\/v2\/product\/151","targetHints":{"allow":["GET"]}}],"collection":[{"href":"http:\/\/ingra.net\/umh\/wp-json\/wp\/v2\/product"}],"about":[{"href":"http:\/\/ingra.net\/umh\/wp-json\/wp\/v2\/types\/product"}],"replies":[{"embeddable":true,"href":"http:\/\/ingra.net\/umh\/wp-json\/wp\/v2\/comments?post=151"}],"wp:featuredmedia":[{"embeddable":true,"href":"http:\/\/ingra.net\/umh\/wp-json\/wp\/v2\/media\/101"}],"wp:attachment":[{"href":"http:\/\/ingra.net\/umh\/wp-json\/wp\/v2\/media?parent=151"}],"wp:term":[{"taxonomy":"product_brand","embeddable":true,"href":"http:\/\/ingra.net\/umh\/wp-json\/wp\/v2\/product_brand?post=151"},{"taxonomy":"product_cat","embeddable":true,"href":"http:\/\/ingra.net\/umh\/wp-json\/wp\/v2\/product_cat?post=151"},{"taxonomy":"product_tag","embeddable":true,"href":"http:\/\/ingra.net\/umh\/wp-json\/wp\/v2\/product_tag?post=151"}],"curies":[{"name":"wp","href":"https:\/\/api.w.org\/{rel}","templated":true}]}}