{"id":150,"date":"2016-08-12T19:22:19","date_gmt":"2016-08-12T17:22:19","guid":{"rendered":"http:\/\/ingra.net\/umh\/?post_type=product&#038;p=150"},"modified":"2022-05-11T12:30:40","modified_gmt":"2022-05-11T10:30:40","slug":"4-0-sobres-americanos","status":"publish","type":"product","link":"http:\/\/ingra.net\/umh\/producto\/4-0-sobres-americanos\/","title":{"rendered":"04.0 Sobres Americanos"},"content":{"rendered":"<p>Sobres americanos personalizados, tama\u00f1o 115&#215;225 mm impresi\u00f3n de logotipo en color o blanco y negro a 4+0 \u00f3 1+0 tintas sobre papel offset de 90\u00a0grms. con franqueo e inspecci\u00f3n postal.<\/p>\n","protected":false},"excerpt":{"rendered":"<p>Sobres americanos personalizados, tama\u00f1o 115&#215;225 mm impresi\u00f3n de logotipo en color o blanco y negro a 4+0 \u00f3 1+0 tintas<\/p>\n","protected":false},"featured_media":287,"comment_status":"open","ping_status":"closed","template":"","meta":{"_monsterinsights_skip_tracking":false,"_monsterinsights_sitenote_active":false,"_monsterinsights_sitenote_note":"","_monsterinsights_sitenote_category":0},"product_brand":[],"product_cat":[8],"product_tag":[],"class_list":{"0":"post-150","1":"product","2":"type-product","3":"status-publish","4":"has-post-thumbnail","6":"product_cat-sobres","8":"first","9":"instock","10":"taxable","11":"shipping-taxable","12":"purchasable","13":"product-type-variable"},"_links":{"self":[{"href":"http:\/\/ingra.net\/umh\/wp-json\/wp\/v2\/product\/150","targetHints":{"allow":["GET"]}}],"collection":[{"href":"http:\/\/ingra.net\/umh\/wp-json\/wp\/v2\/product"}],"about":[{"href":"http:\/\/ingra.net\/umh\/wp-json\/wp\/v2\/types\/product"}],"replies":[{"embeddable":true,"href":"http:\/\/ingra.net\/umh\/wp-json\/wp\/v2\/comments?post=150"}],"wp:featuredmedia":[{"embeddable":true,"href":"http:\/\/ingra.net\/umh\/wp-json\/wp\/v2\/media\/287"}],"wp:attachment":[{"href":"http:\/\/ingra.net\/umh\/wp-json\/wp\/v2\/media?parent=150"}],"wp:term":[{"taxonomy":"product_brand","embeddable":true,"href":"http:\/\/ingra.net\/umh\/wp-json\/wp\/v2\/product_brand?post=150"},{"taxonomy":"product_cat","embeddable":true,"href":"http:\/\/ingra.net\/umh\/wp-json\/wp\/v2\/product_cat?post=150"},{"taxonomy":"product_tag","embeddable":true,"href":"http:\/\/ingra.net\/umh\/wp-json\/wp\/v2\/product_tag?post=150"}],"curies":[{"name":"wp","href":"https:\/\/api.w.org\/{rel}","templated":true}]}}