{"id":86,"date":"2016-08-02T19:37:12","date_gmt":"2016-08-02T17:37:12","guid":{"rendered":"http:\/\/ingra.net\/umh\/?page_id=86"},"modified":"2016-08-02T19:37:12","modified_gmt":"2016-08-02T17:37:12","slug":"politica-de-cookies","status":"publish","type":"page","link":"http:\/\/ingra.net\/umh\/politica-de-cookies\/","title":{"rendered":"Pol\u00edtica de cookies"},"content":{"rendered":"<p>La modificaci\u00f3n normativa en materia de publicidad y gesti\u00f3n del consentimiento para la utilizaci\u00f3n de\u00a0cookies, p\u00edxeles u otros elementos de almacenamiento de informaci\u00f3n conlleva la obligaci\u00f3n de los sitios web a adaptarse a la nueva normativa sobre cookies de la\u00a0<a href=\"http:\/\/noticias.juridicas.com\/base_datos\/Admin\/l34-2002.html\" target=\"_blank\">Ley 34\/2002, de servicios de la sociedad de la informaci\u00f3n y comercio electr\u00f3nico<\/a>.<\/p>\n<p>La descarga de este tipo de elementos, suponen la capacidad para recopilar informaci\u00f3n de la actividad del usuario y tiene implicaciones en relaci\u00f3n con su privacidad.<\/p>\n<p>Por ello, la nueva normativa impone la obligaci\u00f3n de obtener el consentimiento informado de los usuarios para aceptar la utilizaci\u00f3n de\u00a0cookies\u00a0en los sitios web.<\/p>\n<div>\n<h3>\u00bfQu\u00e9 es una cookie?<\/h3>\n<\/div>\n<p>Las\u00a0cookies\u00a0son peque\u00f1o ficheros que se descargan en tu ordenador cuando navegas por sitios web. Un ejemplo sencillo ser\u00eda cuando entras en la p\u00e1gina de una cuenta de correo electr\u00f3nico web como Gmail, Outlook o Yahoo Mail.<\/p>\n<p>Las\u00a0cookies\u00a0permiten a un sitio web reconocer el navegador de un usuario y\u00a0no contienen ni recopilan informaci\u00f3n. Se usan, por ejemplo, para mantener a un usuario autenticado en una cuenta como las anteriores sin que sea necesario que se autentique cada vez que acceda a su cuenta. Otro ejemplo es la publicidad, donde bas\u00e1ndose en anuncios que haya visitado el usuario previamente, se le intentan ofrecer anuncios m\u00e1s relevantes.<\/p>\n<p>La\u00a0web de Ingra Impresores\u00a0(www.ingra.net)\u00a0utiliza los siguientes tipos de\u00a0cookies:<\/p>\n<ul>\n<li>Cookies de primeras partes: son\u00a0cookies\u00a0estrictamente necesarias. Permiten la interacci\u00f3n del usuario con el sitio web y la posibilidad de utilizar todas sus funciones. (Duraci\u00f3n entre 23 d\u00edas y tres meses).<\/li>\n<li>Cookies de rendimiento y an\u00e1lisis: son\u00a0cookies\u00a0utilizadas para el an\u00e1lisis y estad\u00edsticas que mejoran la experiencia del sitio web. Mediante el uso de estas\u00a0cookies\u00a0se puede mostrar informaci\u00f3n m\u00e1s relevante a los visitantes. (Duraci\u00f3n entre 100 d\u00edas y 1 a\u00f1o).<\/li>\n<li>Cookies de afiliaci\u00f3n: como sitio web con posibles enlaces de afiliaci\u00f3n, este tipo de\u00a0cookies\u00a0permite que la empresa de afiliaci\u00f3n detecte que un cliente suyo procede de este sitio.<\/li>\n<li>Cookies de publicidad: son las\u00a0cookies\u00a0usadas por los elementos de publicidad en el blog\u00a0(<a href=\"http:\/\/www.google.com\/adsense\" target=\"_blank\">Google AdSense<\/a>).<\/li>\n<\/ul>\n<p>As\u00ed mismo,\u00a0<a href=\"http:\/\/www.google.es\/intl\/es\/analytics\/\" target=\"_blank\">Google Analytics<\/a>\u00a0habilita en el dominio del sitio web las\u00a0cookies\u00a0denominadas:<\/p>\n<ul>\n<li>\u201c__utma\u201d: es necesaria para el funcionamiento de Google Analytics y tiene un per\u00edodo de caducidad de 2 a\u00f1os.<\/li>\n<li>\u201c__utmz\u201d: es utilizada para realizar la ubicaci\u00f3n de la visita, es decir, desde d\u00f3nde y c\u00f3mo ha llegado el usuario a nuestra web y caduca a los 6 meses).<\/li>\n<\/ul>\n<p>El objetivo es recopilar estad\u00edsticas del tipo de las siguientes: el n\u00famero de visitas, el per\u00edodo de consultas, el buscador utilizado para acceder al sitio web, las palabras clave utilizadas, la ubicaci\u00f3n global del visitante, los contenidos visitados en el sitio web, as\u00ed como otros par\u00e1metros del tr\u00e1fico en el sitio web, siempre desde el\u00a0anonimato.<\/p>\n<p>Google almacena esta informaci\u00f3n recogida por las\u00a0cookies\u00a0de manera que no se identifica a ning\u00fan usuario. Tampoco se asocia su direcci\u00f3n de IP con cualquier otra informaci\u00f3n de la que disponga. Adem\u00e1s, Google Inc es una empresa que se encuentra adherida al Acuerdo de Puerto Seguro. Dicho acuerdo garantiza que los datos transferidos ser\u00e1n tratados conforme a los niveles de protecci\u00f3n de la normativa europea. Para obtener m\u00e1s informaci\u00f3n acerca de Google Analytics puede dirigirse\u00a0<a href=\"http:\/\/goo.gl\/KxpaZ\" target=\"_blank\">al siguiente enlace<\/a>.<\/p>\n<p>A partir de la opci\u00f3n que tome acerca del uso de\u00a0cookies\u00a0en este sitio web, se le enviar\u00e1 una\u00a0cookie\u00a0adicional\u00a0para salvaguardar su elecci\u00f3n y que no tenga que aceptar el uso de\u00a0cookies\u00a0cada vez que acceda a la\u00a0web de\u00a0Ingra Impresores (http:\/\/www.ingra.net)<\/p>\n<div>\n<h3>\u00bfC\u00f3mo desactivar las cookies?<\/h3>\n<\/div>\n<p>Todos los navegadores permiten hacer cambios que permiten desactivar la configuraci\u00f3n de las\u00a0cookies. Estos ajustes se encuentran ubicados en las \u201copciones\u201d o \u201cpreferencias\u201d del men\u00fa de su navegador.<\/p>\n<p>A continuaci\u00f3n te dejamos los enlaces con instrucciones para diferentes navegadores donde ver\u00e1s c\u00f3mo deshabilitar las\u00a0cookies.<\/p>\n<p>No obstante, recuerda que inhabilitar\u00a0cookies\u00a0implica\u00a0perder funcionalidad\u00a0en muchos sitios web.<\/p>\n<ul>\n<li>Instrucciones para\u00a0<a href=\"http:\/\/windows.microsoft.com\/es-es\/internet-explorer\/delete-manage-cookies#ie=ie-11\" target=\"_blank\">Internet Explorer<\/a><\/li>\n<li>Instrucciones para\u00a0<a href=\"https:\/\/support.mozilla.org\/es\/kb\/habilitar-y-deshabilitar-cookies-que-los-sitios-we\" target=\"_blank\">Mozilla Firefox<\/a><\/li>\n<li>Instrucciones para\u00a0<a href=\"https:\/\/support.google.com\/chrome\/answer\/95647?hl=es\" target=\"_blank\">Google Chrome<\/a><\/li>\n<li>Instrucciones para\u00a0<a href=\"http:\/\/support.apple.com\/kb\/HT1677?viewlocale=es_ES\" target=\"_blank\">Safari<\/a><\/li>\n<\/ul>\n<p>Si desea no deseas ser rastreado por las\u00a0cookies, Google ha desarrollado un complemento para instalar en su navegador al que puede acceder\u00a0<a href=\"http:\/\/goo.gl\/up4ND\" target=\"_blank\">en el siguiente enlace<\/a>.<\/p>\n<p>Tambi\u00e9n puedes consultar, con mayor detalle, las pol\u00edticas generales de privacidad de este sitio web en el apartado de\u00a0Aviso Legal.<\/p>\n<hr \/>\n<p>\u21d2Agradecer al blog\u00a0<a href=\"http:\/\/www.ciudadano2cero.com\/descargas\/\" target=\"_blank\">Ciudadano 2.0<\/a>, la\u00a0cesi\u00f3n del texto base de esta pol\u00edtica de cookies para su libre uso.<\/p>\n","protected":false},"excerpt":{"rendered":"<p>La modificaci\u00f3n normativa en materia de publicidad y gesti\u00f3n del consentimiento para la utilizaci\u00f3n de\u00a0cookies, p\u00edxeles u otros elementos de<\/p>\n","protected":false},"author":1,"featured_media":0,"parent":0,"menu_order":0,"comment_status":"closed","ping_status":"closed","template":"","meta":{"_monsterinsights_skip_tracking":false,"_monsterinsights_sitenote_active":false,"_monsterinsights_sitenote_note":"","_monsterinsights_sitenote_category":0,"footnotes":""},"class_list":["post-86","page","type-page","status-publish","hentry"],"_links":{"self":[{"href":"http:\/\/ingra.net\/umh\/wp-json\/wp\/v2\/pages\/86","targetHints":{"allow":["GET"]}}],"collection":[{"href":"http:\/\/ingra.net\/umh\/wp-json\/wp\/v2\/pages"}],"about":[{"href":"http:\/\/ingra.net\/umh\/wp-json\/wp\/v2\/types\/page"}],"author":[{"embeddable":true,"href":"http:\/\/ingra.net\/umh\/wp-json\/wp\/v2\/users\/1"}],"replies":[{"embeddable":true,"href":"http:\/\/ingra.net\/umh\/wp-json\/wp\/v2\/comments?post=86"}],"version-history":[{"count":0,"href":"http:\/\/ingra.net\/umh\/wp-json\/wp\/v2\/pages\/86\/revisions"}],"wp:attachment":[{"href":"http:\/\/ingra.net\/umh\/wp-json\/wp\/v2\/media?parent=86"}],"curies":[{"name":"wp","href":"https:\/\/api.w.org\/{rel}","templated":true}]}}